{"id":2359,"date":"2024-10-04T19:21:36","date_gmt":"2024-10-04T17:21:36","guid":{"rendered":"https:\/\/anayacoeurcristallin.com\/?page_id=2359"},"modified":"2026-03-29T23:40:49","modified_gmt":"2026-03-29T21:40:49","slug":"ateliers-sur-demande","status":"publish","type":"page","link":"https:\/\/anayacoeurcristallin.com\/?page_id=2359","title":{"rendered":"Ateliers sur demande"},"content":{"rendered":"\n<div class=\"wp-block-cover\"><img loading=\"lazy\" decoding=\"async\" width=\"1280\" height=\"853\" class=\"wp-block-cover__image-background wp-image-2360\" alt=\"\" src=\"https:\/\/anayacoeurcristallin.com\/wp-content\/uploads\/2024\/10\/cat-2596496_1280.jpg\" data-object-fit=\"cover\" srcset=\"https:\/\/anayacoeurcristallin.com\/wp-content\/uploads\/2024\/10\/cat-2596496_1280.jpg 1280w, https:\/\/anayacoeurcristallin.com\/wp-content\/uploads\/2024\/10\/cat-2596496_1280-300x200.jpg 300w, https:\/\/anayacoeurcristallin.com\/wp-content\/uploads\/2024\/10\/cat-2596496_1280-1024x682.jpg 1024w, https:\/\/anayacoeurcristallin.com\/wp-content\/uploads\/2024\/10\/cat-2596496_1280-768x512.jpg 768w, https:\/\/anayacoeurcristallin.com\/wp-content\/uploads\/2024\/10\/cat-2596496_1280-600x400.jpg 600w\" sizes=\"auto, (max-width: 1280px) 100vw, 1280px\" \/><span aria-hidden=\"true\" class=\"wp-block-cover__background has-ast-global-color-0-background-color has-background-dim\"><\/span><div class=\"wp-block-cover__inner-container is-layout-constrained wp-block-cover-is-layout-constrained\">\n<p class=\"has-text-align-center has-ast-global-color-4-color has-text-color has-link-color has-x-large-font-size wp-elements-f1c739baa1f795bdb3b920a0f3fb9466\"><strong>Ateliers sur demande<\/strong><\/p>\n<\/div><\/div>\n\n\n\n<p class=\"has-text-align-center has-medium-font-size\" style=\"padding-top:var(--wp--preset--spacing--70);padding-right:var(--wp--preset--spacing--60);padding-left:var(--wp--preset--spacing--60)\">Afin de r\u00e9pondre au mieux \u00e0 vos envies, je vous propose diff\u00e9rents ateliers parfaitement ajustables \u00e0 vos besoins.<\/p>\n\n\n\n<p class=\"has-text-align-center\" style=\"padding-top:var(--wp--preset--spacing--30);padding-right:var(--wp--preset--spacing--60);padding-bottom:var(--wp--preset--spacing--30);padding-left:var(--wp--preset--spacing--60)\">Je me d\u00e9place sur votre lieu en Normandie (autres r\u00e9gions, me consulter), vous accueille chez moi \u00e0 Saint-Etienne-du-Rouvray (76800) si le groupe ne d\u00e9passe pas 3 personnes. Un atelier par visio-conf\u00e9rence peut \u00e9galement \u00eatre envisag\u00e9.<\/p>\n\n\n\n<p class=\"has-text-align-center\" style=\"padding-right:var(--wp--preset--spacing--50);padding-left:var(--wp--preset--spacing--50)\">Tout \u00e9v\u00e8nement est imaginable.<\/p>\n\n\n\n<p class=\"has-text-align-center\" style=\"padding-top:var(--wp--preset--spacing--20);padding-right:var(--wp--preset--spacing--60);padding-bottom:var(--wp--preset--spacing--20);padding-left:var(--wp--preset--spacing--60)\">Voici les propositions d&rsquo;atelier. Un m\u00eame atelier peut mixer plusieurs de ces propositions :<\/p>\n\n\n\n<ul style=\"padding-right:var(--wp--preset--spacing--80);padding-left:var(--wp--preset--spacing--80);line-height:2.4\" class=\"wp-block-list\">\n<li style=\"padding-top:0;padding-bottom:0;line-height:1.4\">M\u00e9ditation guid\u00e9e et S\u00e9r\u00e9nit\u00e9 &#8211; m\u00e9langeant m\u00e9ditation guid\u00e9e, Th\u00eataHealing et Langage Lumi\u00e8re, je scanne vos corps et vous propose les lib\u00e9rations et t\u00e9l\u00e9chargements requis pour le groupe. Nous terminons par un envoi d&rsquo;amour, de bienveillance et de paix pour le Monde.<\/li>\n\n\n\n<li><strong>Voyage sonore<\/strong> &#8211; voyage int\u00e9rieur pour se d\u00e9tendre, se ressourcer et recevoir des messages<\/li>\n\n\n\n<li><strong>M\u00e9ditation Min\u00e9rale guid\u00e9e<\/strong> &#8211; choisissez la pierre dont vous souhaitez recevoir la vibration<\/li>\n\n\n\n<li style=\"line-height:1.4\"><strong>\u00c9coute des plantes<\/strong> &#8211; \u00e0 privil\u00e9gier pour un lieu ext\u00e9rieur, ressenti des bienfaits des plantes qui vous entourent, d\u00e9tente assur\u00e9e (via l&rsquo;appareil Music of the plants &#8211; Bamboo)<\/li>\n\n\n\n<li><strong>ADN Min\u00e9ral<\/strong> &#8211; outil de d\u00e9veloppement personnel, d\u00e9couverte de 1, 2 ou 3 pierres personnelles par atelier, selon le nombre de participants et la dur\u00e9e<\/li>\n\n\n\n<li><strong>D\u00e9couverte de diff\u00e9rents oracles<\/strong> &#8211; en autonomie, d\u00e9veloppement de l&rsquo;intuition<\/li>\n\n\n\n<li><strong>Ho&rsquo;oponopono &#8211;<\/strong> accompagnement \u00e0 l&rsquo;appropriation de la philosophie du Ho&rsquo;oponopono et de ses 4 phrases. Proposition d&rsquo;alternatives dans la m\u00e9thode afin d&rsquo;expanser les r\u00e9sultats.<\/li>\n\n\n\n<li><strong>Th\u00eataHealing en groupe &#8211;<\/strong> s\u00e9ance \u00e9nerg\u00e9tique sur une th\u00e9matique commune.<\/li>\n\n\n\n<li style=\"line-height:1.4\"><strong>Initiation aux Codes et Langages lumi\u00e8re<\/strong> &#8211; sur 1 journ\u00e9e pour le niveau 1 : l&rsquo;activation. Le niveau 2 vise \u00e0 d\u00e9velopper des m\u00e9thodes propres aux th\u00e9matiques abord\u00e9es sur 2 jours : gu\u00e9rison, attirer des sentiments comme l&rsquo;abondance, nettoyage \u00e9nerg\u00e9tique, lib\u00e9rer des entit\u00e9s, ouvrir les chakras, travailler les le\u00e7ons karmiques ou transg\u00e9n\u00e9rationnelles, lib\u00e9rer les pactes,&#8230; Le niveau 3, sur 2 jours, s&rsquo;int\u00e9resse \u00e0 la r\u00e9alit\u00e9 quantique derri\u00e8re les codes afin de mieux comprendre leur fonctionnement et d&rsquo;utiliser des codes encore plus directs.<\/li>\n<\/ul>\n\n\n\n<p class=\"has-text-align-center\" style=\"padding-top:var(--wp--preset--spacing--60);padding-right:var(--wp--preset--spacing--60);padding-bottom:var(--wp--preset--spacing--30);padding-left:var(--wp--preset--spacing--60)\">Pour toute demande d&rsquo;informations et de devis, contactez-moi :<\/p>\n\n\n\n<div class=\"wp-block-buttons alignwide is-vertical is-content-justification-center is-layout-flex wp-container-core-buttons-is-layout-5139221a wp-block-buttons-is-layout-flex\">\n<div class=\"wp-block-button is-style-outline is-style-outline--1\"><a class=\"wp-block-button__link wp-element-button\" href=\"anayacoeurcristallin@gmail.com\" target=\"_blank\" rel=\"noreferrer noopener\">\ud83d\udce7 anayacoeurcristallin@gmail.com<\/a><\/div>\n\n\n\n<div class=\"wp-block-button is-style-outline is-style-outline--2\"><a class=\"wp-block-button__link wp-element-button\">\ud83d\udcde 06 41 95 17 28<\/a><\/div>\n<\/div>\n\n\n\n<p class=\"has-text-align-center\" style=\"padding-top:var(--wp--preset--spacing--70);padding-right:var(--wp--preset--spacing--60);padding-bottom:var(--wp--preset--spacing--30);padding-left:var(--wp--preset--spacing--60)\">Retrouvez les Ateliers d\u00e9j\u00e0 programm\u00e9s \ud83d\udc47<\/p>\n\n\n\n<div class=\"wp-block-buttons is-content-justification-center is-layout-flex wp-container-core-buttons-is-layout-e9a8509b wp-block-buttons-is-layout-flex\" style=\"margin-top:0;margin-bottom:var(--wp--preset--spacing--40)\">\n<div class=\"wp-block-button\"><a class=\"wp-block-button__link wp-element-button\" href=\"https:\/\/www.anaya-coeur-cristallin.com\/event-list\" target=\"_blank\" rel=\"noreferrer noopener\">\ud83d\uddd3\ufe0f Ateliers et \u00c9v\u00e8nements<\/a><\/div>\n<\/div>\n","protected":false},"excerpt":{"rendered":"<p>Afin de r\u00e9pondre au mieux \u00e0 vos envies, je vous propose diff\u00e9rents ateliers parfaitement ajustables \u00e0 vos besoins. Je me d\u00e9place sur votre lieu en Normandie (autres r\u00e9gions, me consulter), [&hellip;]<\/p>\n","protected":false},"author":1,"featured_media":0,"parent":55,"menu_order":5,"comment_status":"closed","ping_status":"closed","template":"","meta":{"om_disable_all_campaigns":false,"_monsterinsights_skip_tracking":false,"_monsterinsights_sitenote_active":false,"_monsterinsights_sitenote_note":"","_monsterinsights_sitenote_category":0,"site-sidebar-layout":"default","site-content-layout":"","ast-site-content-layout":"","site-content-style":"default","site-sidebar-style":"default","ast-global-header-display":"","ast-banner-title-visibility":"","ast-main-header-display":"","ast-hfb-above-header-display":"","ast-hfb-below-header-display":"","ast-hfb-mobile-header-display":"","site-post-title":"disabled","ast-breadcrumbs-content":"","ast-featured-img":"","footer-sml-layout":"","ast-disable-related-posts":"","theme-transparent-header-meta":"","adv-header-id-meta":"","stick-header-meta":"","header-above-stick-meta":"","header-main-stick-meta":"","header-below-stick-meta":"","astra-migrate-meta-layouts":"default","ast-page-background-enabled":"default","ast-page-background-meta":{"desktop":{"background-color":"var(--ast-global-color-4)","background-image":"","background-repeat":"repeat","background-position":"center center","background-size":"auto","background-attachment":"scroll","background-type":"","background-media":"","overlay-type":"","overlay-color":"","overlay-opacity":"","overlay-gradient":""},"tablet":{"background-color":"","background-image":"","background-repeat":"repeat","background-position":"center center","background-size":"auto","background-attachment":"scroll","background-type":"","background-media":"","overlay-type":"","overlay-color":"","overlay-opacity":"","overlay-gradient":""},"mobile":{"background-color":"","background-image":"","background-repeat":"repeat","background-position":"center center","background-size":"auto","background-attachment":"scroll","background-type":"","background-media":"","overlay-type":"","overlay-color":"","overlay-opacity":"","overlay-gradient":""}},"ast-content-background-meta":{"desktop":{"background-color":"var(--ast-global-color-5)","background-image":"","background-repeat":"repeat","background-position":"center center","background-size":"auto","background-attachment":"scroll","background-type":"","background-media":"","overlay-type":"","overlay-color":"","overlay-opacity":"","overlay-gradient":""},"tablet":{"background-color":"var(--ast-global-color-5)","background-image":"","background-repeat":"repeat","background-position":"center center","background-size":"auto","background-attachment":"scroll","background-type":"","background-media":"","overlay-type":"","overlay-color":"","overlay-opacity":"","overlay-gradient":""},"mobile":{"background-color":"var(--ast-global-color-5)","background-image":"","background-repeat":"repeat","background-position":"center center","background-size":"auto","background-attachment":"scroll","background-type":"","background-media":"","overlay-type":"","overlay-color":"","overlay-opacity":"","overlay-gradient":""}},"_EventAllDay":false,"_EventTimezone":"","_EventStartDate":"","_EventEndDate":"","_EventStartDateUTC":"","_EventEndDateUTC":"","_EventShowMap":false,"_EventShowMapLink":false,"_EventURL":"","_EventCost":"","_EventCostDescription":"","_EventCurrencySymbol":"","_EventCurrencyCode":"","_EventCurrencyPosition":"","_EventDateTimeSeparator":"","_EventTimeRangeSeparator":"","_EventOrganizerID":[],"_EventVenueID":[],"_OrganizerEmail":"","_OrganizerPhone":"","_OrganizerWebsite":"","_VenueAddress":"","_VenueCity":"","_VenueCountry":"","_VenueProvince":"","_VenueState":"","_VenueZip":"","_VenuePhone":"","_VenueURL":"","_VenueStateProvince":"","_VenueLat":"","_VenueLng":"","_VenueShowMap":false,"_VenueShowMapLink":false,"footnotes":""},"class_list":["post-2359","page","type-page","status-publish","hentry"],"aioseo_notices":[],"jetpack-related-posts":[{"id":55,"url":"https:\/\/anayacoeurcristallin.com\/","url_meta":{"origin":2359,"position":0},"title":"Offre propos\u00e9e","author":"anayacoeurcristallin.com","date":"6 mars 2024","format":false,"excerpt":"Prendre rendez-vous \ud83c\udf1f Quelle est votre demande ? \ud83c\udf1f \u26d3\ufe0f\u200d\ud83d\udca5 Lib\u00e9rez-vous de vos freins \u2013 Attirez ce que vous d\u00e9sirez \ud83c\udf81 Th\u00eataHealing\u00ae Avec le Th\u00eataHealing, transformez votre vie. Modifiez vos croyances, vos programmes, votre r\u00e9alit\u00e9 Gu\u00e9rissez une probl\u00e9matique, attirez l'abondance, d\u00e9veloppez vos comp\u00e9tences, lib\u00e9rez vos blocages, entrez en contact avec\u2026","rel":"","context":"Article similaire","block_context":{"text":"Article similaire","link":""},"img":{"alt_text":"","src":"https:\/\/i0.wp.com\/anayacoeurcristallin.com\/wp-content\/uploads\/2024\/12\/Partez-a-votre-rencontre-5.png?resize=350%2C200&ssl=1","width":350,"height":200,"srcset":"https:\/\/i0.wp.com\/anayacoeurcristallin.com\/wp-content\/uploads\/2024\/12\/Partez-a-votre-rencontre-5.png?resize=350%2C200&ssl=1 1x, https:\/\/i0.wp.com\/anayacoeurcristallin.com\/wp-content\/uploads\/2024\/12\/Partez-a-votre-rencontre-5.png?resize=525%2C300&ssl=1 1.5x, https:\/\/i0.wp.com\/anayacoeurcristallin.com\/wp-content\/uploads\/2024\/12\/Partez-a-votre-rencontre-5.png?resize=700%2C400&ssl=1 2x"},"classes":[]},{"id":2704,"url":"https:\/\/anayacoeurcristallin.com\/?page_id=2704","url_meta":{"origin":2359,"position":1},"title":"Th\u00eataHealing\u00ae","author":"anayacoeurcristallin.com","date":"24 avril 2025","format":false,"excerpt":"Th\u00eataHealing\u00ae Avec le Th\u00eataHealing, transformez votre vie Modifiez vos croyances, vos programmes, votre r\u00e9alit\u00e9. Gu\u00e9rissez une probl\u00e9matique, attirez l\u2019abondance, d\u00e9veloppez vos comp\u00e9tences, lib\u00e9rez vos blocages, entrez en contact avec des d\u00e9funts, des animaux, des plantes,\u2026 Laissez libre court \u00e0 votre imagination, les possibilit\u00e9s sont infinies ! Demandez, Lib\u00e9rez, Transformez et\u2026","rel":"","context":"Article similaire","block_context":{"text":"Article similaire","link":""},"img":{"alt_text":"","src":"https:\/\/i0.wp.com\/anayacoeurcristallin.com\/wp-content\/uploads\/2024\/03\/hand-3452582_640-1.jpg?resize=350%2C200","width":350,"height":200,"srcset":"https:\/\/i0.wp.com\/anayacoeurcristallin.com\/wp-content\/uploads\/2024\/03\/hand-3452582_640-1.jpg?resize=350%2C200 1x, https:\/\/i0.wp.com\/anayacoeurcristallin.com\/wp-content\/uploads\/2024\/03\/hand-3452582_640-1.jpg?resize=525%2C300 1.5x"},"classes":[]},{"id":724,"url":"https:\/\/anayacoeurcristallin.com\/?page_id=724","url_meta":{"origin":2359,"position":2},"title":"Tarifs","author":"anayacoeurcristallin.com","date":"15 mars 2024","format":false,"excerpt":"Tarifs Pour toute demande, contactez-moi ! OffrePr\u00e9sentiel (76800) ou DistancielTh\u00eataHealing\u00ae90 \u20acHypnose r\u00e9gressive quantique BQH230 \u20acADN Min\u00e9ral75 \u20acHo'oponopono50 \u20ac TVA non applicable (art. 293B du code g\u00e9n\u00e9ral des imp\u00f4ts). Prendre rendez-vous","rel":"","context":"Article similaire","block_context":{"text":"Article similaire","link":""},"img":{"alt_text":"","src":"https:\/\/i0.wp.com\/anayacoeurcristallin.com\/wp-content\/uploads\/2024\/06\/crocus-2135081_1280.jpg?resize=350%2C200&ssl=1","width":350,"height":200,"srcset":"https:\/\/i0.wp.com\/anayacoeurcristallin.com\/wp-content\/uploads\/2024\/06\/crocus-2135081_1280.jpg?resize=350%2C200&ssl=1 1x, https:\/\/i0.wp.com\/anayacoeurcristallin.com\/wp-content\/uploads\/2024\/06\/crocus-2135081_1280.jpg?resize=525%2C300&ssl=1 1.5x, https:\/\/i0.wp.com\/anayacoeurcristallin.com\/wp-content\/uploads\/2024\/06\/crocus-2135081_1280.jpg?resize=700%2C400&ssl=1 2x, https:\/\/i0.wp.com\/anayacoeurcristallin.com\/wp-content\/uploads\/2024\/06\/crocus-2135081_1280.jpg?resize=1050%2C600&ssl=1 3x"},"classes":[]},{"id":2081,"url":"https:\/\/anayacoeurcristallin.com\/?page_id=2081","url_meta":{"origin":2359,"position":3},"title":"ADN Min\u00e9ral","author":"anayacoeurcristallin.com","date":"31 juillet 2024","format":false,"excerpt":"ADN Min\u00e9ral Conna\u00eetre son ADN Min\u00e9ral, c\u2019est\u00a0: Comprendre plus finement sa personnalit\u00e9, ses r\u00e9actions, sa fa\u00e7on de fonctionner Identifier quelle pierre utiliser pour s\u2019aider au quotidien en fonction d\u2019une situation Avoir un outil, une m\u00e9thode, pour \u00e9voluer selon ses besoins de fa\u00e7on autonome et consciente \ud83d\udc8e\ud83d\udddd\ufe0f\ud83d\udc8e\ud83d\udd13\ud83d\udc8e\ud83d\udddd\ufe0f\ud83d\udc8e Votre ADN Min\u00e9ral vous\u2026","rel":"","context":"Article similaire","block_context":{"text":"Article similaire","link":""},"img":{"alt_text":"","src":"https:\/\/i0.wp.com\/anayacoeurcristallin.com\/wp-content\/uploads\/2024\/08\/Aigue-marine-2.jpg?resize=350%2C200&ssl=1","width":350,"height":200,"srcset":"https:\/\/i0.wp.com\/anayacoeurcristallin.com\/wp-content\/uploads\/2024\/08\/Aigue-marine-2.jpg?resize=350%2C200&ssl=1 1x, https:\/\/i0.wp.com\/anayacoeurcristallin.com\/wp-content\/uploads\/2024\/08\/Aigue-marine-2.jpg?resize=525%2C300&ssl=1 1.5x, https:\/\/i0.wp.com\/anayacoeurcristallin.com\/wp-content\/uploads\/2024\/08\/Aigue-marine-2.jpg?resize=700%2C400&ssl=1 2x, https:\/\/i0.wp.com\/anayacoeurcristallin.com\/wp-content\/uploads\/2024\/08\/Aigue-marine-2.jpg?resize=1050%2C600&ssl=1 3x, https:\/\/i0.wp.com\/anayacoeurcristallin.com\/wp-content\/uploads\/2024\/08\/Aigue-marine-2.jpg?resize=1400%2C800&ssl=1 4x"},"classes":[]},{"id":330,"url":"https:\/\/anayacoeurcristallin.com\/?page_id=330","url_meta":{"origin":2359,"position":4},"title":"Conditions G\u00e9n\u00e9rales de Vente et de Prestation de Services","author":"anayacoeurcristallin.com","date":"8 mars 2024","format":false,"excerpt":"Entre le \u00ab Prestataire \u00bb Anne Gourliau, Anaya Coeur Cristallin, Auto entrepreneuse, Praticienne Energ\u00e9tique 9 rue Paul Langevin 76800 Saint-Etienne-du-Rouvray n\u00b0 de SIRET : 98476281500012 D'une part, Et le \u00ab Client \u00bb, personne physique majeure proc\u00e9dant \u00e0 l'achat de produits ou services sur le site https:\/\/anayacoeurcristallin.com\/ D'autre part. Pr\u00e9ambule Le\u2026","rel":"","context":"Article similaire","block_context":{"text":"Article similaire","link":""},"img":{"alt_text":"","src":"","width":0,"height":0},"classes":[]},{"id":353,"url":"https:\/\/anayacoeurcristallin.com\/?page_id=353","url_meta":{"origin":2359,"position":5},"title":"Hypnose r\u00e9gressive quantique (BQH)","author":"anayacoeurcristallin.com","date":"9 mars 2024","format":false,"excerpt":"Hypnose r\u00e9gressive quantique (BQH Beyond Quantum Healing - Au-del\u00e0 du Soin Quantique) Quelle est la raison de votre pr\u00e9sence sur Terre ? Qu'avez-vous v\u00e9cu sur d'autres plan\u00e8tes, dans d'autres vies ? Pourquoi avez-vous v\u00e9cu ou vivez-vous telle situation aujourd'hui ? Avec l'Hypnose r\u00e9gressive quantique BQH partez \u00e0 la rencontre de\u2026","rel":"","context":"Article similaire","block_context":{"text":"Article similaire","link":""},"img":{"alt_text":"","src":"https:\/\/i0.wp.com\/anayacoeurcristallin.com\/wp-content\/uploads\/2024\/03\/Certificat-de-formation-scaled.jpg?resize=350%2C200&ssl=1","width":350,"height":200,"srcset":"https:\/\/i0.wp.com\/anayacoeurcristallin.com\/wp-content\/uploads\/2024\/03\/Certificat-de-formation-scaled.jpg?resize=350%2C200&ssl=1 1x, https:\/\/i0.wp.com\/anayacoeurcristallin.com\/wp-content\/uploads\/2024\/03\/Certificat-de-formation-scaled.jpg?resize=525%2C300&ssl=1 1.5x, https:\/\/i0.wp.com\/anayacoeurcristallin.com\/wp-content\/uploads\/2024\/03\/Certificat-de-formation-scaled.jpg?resize=700%2C400&ssl=1 2x, https:\/\/i0.wp.com\/anayacoeurcristallin.com\/wp-content\/uploads\/2024\/03\/Certificat-de-formation-scaled.jpg?resize=1050%2C600&ssl=1 3x, https:\/\/i0.wp.com\/anayacoeurcristallin.com\/wp-content\/uploads\/2024\/03\/Certificat-de-formation-scaled.jpg?resize=1400%2C800&ssl=1 4x"},"classes":[]}],"jetpack_sharing_enabled":true,"_links":{"self":[{"href":"https:\/\/anayacoeurcristallin.com\/index.php?rest_route=\/wp\/v2\/pages\/2359","targetHints":{"allow":["GET"]}}],"collection":[{"href":"https:\/\/anayacoeurcristallin.com\/index.php?rest_route=\/wp\/v2\/pages"}],"about":[{"href":"https:\/\/anayacoeurcristallin.com\/index.php?rest_route=\/wp\/v2\/types\/page"}],"author":[{"embeddable":true,"href":"https:\/\/anayacoeurcristallin.com\/index.php?rest_route=\/wp\/v2\/users\/1"}],"replies":[{"embeddable":true,"href":"https:\/\/anayacoeurcristallin.com\/index.php?rest_route=%2Fwp%2Fv2%2Fcomments&post=2359"}],"version-history":[{"count":18,"href":"https:\/\/anayacoeurcristallin.com\/index.php?rest_route=\/wp\/v2\/pages\/2359\/revisions"}],"predecessor-version":[{"id":2880,"href":"https:\/\/anayacoeurcristallin.com\/index.php?rest_route=\/wp\/v2\/pages\/2359\/revisions\/2880"}],"up":[{"embeddable":true,"href":"https:\/\/anayacoeurcristallin.com\/index.php?rest_route=\/wp\/v2\/pages\/55"}],"wp:attachment":[{"href":"https:\/\/anayacoeurcristallin.com\/index.php?rest_route=%2Fwp%2Fv2%2Fmedia&parent=2359"}],"curies":[{"name":"wp","href":"https:\/\/api.w.org\/{rel}","templated":true}]}}