{"id":2841,"date":"2025-12-15T17:14:08","date_gmt":"2025-12-15T16:14:08","guid":{"rendered":"https:\/\/anayacoeurcristallin.com\/?page_id=2841"},"modified":"2025-12-15T17:51:14","modified_gmt":"2025-12-15T16:51:14","slug":"hooponopono-par-anaya","status":"publish","type":"page","link":"https:\/\/anayacoeurcristallin.com\/?page_id=2841","title":{"rendered":"Ho&rsquo;oponopono &#8211; par Anaya"},"content":{"rendered":"\n<div class=\"wp-block-cover\"><img loading=\"lazy\" decoding=\"async\" width=\"1024\" height=\"683\" class=\"wp-block-cover__image-background wp-image-2843 size-large\" alt=\"\" src=\"http:\/\/anayacoeurcristallin.com\/wp-content\/uploads\/2025\/12\/ai-generated-9227230_1280-1024x683.jpg\" data-object-fit=\"cover\" srcset=\"https:\/\/anayacoeurcristallin.com\/wp-content\/uploads\/2025\/12\/ai-generated-9227230_1280-1024x683.jpg 1024w, https:\/\/anayacoeurcristallin.com\/wp-content\/uploads\/2025\/12\/ai-generated-9227230_1280-300x200.jpg 300w, https:\/\/anayacoeurcristallin.com\/wp-content\/uploads\/2025\/12\/ai-generated-9227230_1280-768x512.jpg 768w, https:\/\/anayacoeurcristallin.com\/wp-content\/uploads\/2025\/12\/ai-generated-9227230_1280-600x400.jpg 600w, https:\/\/anayacoeurcristallin.com\/wp-content\/uploads\/2025\/12\/ai-generated-9227230_1280.jpg 1280w\" sizes=\"auto, (max-width: 1024px) 100vw, 1024px\" \/><span aria-hidden=\"true\" class=\"wp-block-cover__background has-ast-global-color-0-background-color has-background-dim\"><\/span><div class=\"wp-block-cover__inner-container is-layout-flow wp-block-cover-is-layout-flow\">\n<p class=\"has-text-align-center has-ast-global-color-5-color has-text-color has-link-color has-x-large-font-size wp-elements-33ccaa4e1f6f0b13933c38f9b8d0e81a\" style=\"line-height:1\">Ho&rsquo;oponopono par Anaya<\/p>\n<\/div><\/div>\n\n\n\n<p class=\"has-text-align-center has-medium-font-size\" style=\"padding-top:var(--wp--preset--spacing--70);padding-right:var(--wp--preset--spacing--60);padding-bottom:0;padding-left:var(--wp--preset--spacing--60)\"><strong>Pratiquez le pardon, la gratitude et l&rsquo;amour pour transformer votre vie en toute autonomie<\/strong><\/p>\n\n\n\n<p class=\"has-text-align-center\" style=\"padding-right:var(--wp--preset--spacing--60);padding-left:var(--wp--preset--spacing--60);font-size:17px\">En individuel, exp\u00e9rimentez les lib\u00e9rations, le l\u00e2cher-prise et la paix apport\u00e9s par la pratique de la respiration, des pri\u00e8res et des quatre phrases cl\u00e9s du Ho&rsquo;oponopono.<br>Vous repartirez all\u00e9g\u00e9 et autonome sur la pratique des bases de cette m\u00e9thode.<\/p>\n\n\n\n<p class=\"has-text-align-center\" style=\"padding-right:var(--wp--preset--spacing--60);padding-left:var(--wp--preset--spacing--60);font-size:17px\">Issu d&rsquo;Hawa\u00ef, le Ho&rsquo;oponopono visait \u00e0 l&rsquo;origine \u00e0 apaiser les dissensions au sein d&rsquo;un village par l&rsquo;expression des points de vue de chacun et le pardon.<br>Depuis 1970 Morrnah Simeona en a fait une pratique individuelle bas\u00e9e sur le pardon, la gratitude et l&rsquo;amour.<br>Ajouter \u00e0 cette m\u00e9thode les ressentis du corps et son expression propre aux pratiques somatiques renforce encore son effet.<\/p>\n\n\n\n<p class=\"has-text-align-center\" style=\"padding-right:var(--wp--preset--spacing--60);padding-left:var(--wp--preset--spacing--60);font-size:17px\">Ensemble nous nous connecterons \u00e0 un espace plus grand, cr\u00e9ateur, et de l\u00e0 nous r\u00e9p\u00e8terons les 4 phrases cl\u00e9 du Ho&rsquo;oponopono avec l&rsquo;intention de lib\u00e9rer votre vie de la situation qui vous d\u00e9range (1 th\u00e8me par s\u00e9ance). Je vous accompagnerai au cours de ce moment en vous partageant les phrases cl\u00e9s et les messages qui me parviendront.<\/p>\n\n\n\n<p class=\"has-text-align-center\" style=\"padding-right:var(--wp--preset--spacing--60);padding-left:var(--wp--preset--spacing--60);font-size:17px\">M\u00e9thode lib\u00e9ratrice des poids, des situations et des freins, une fois lib\u00e9r\u00e9, le Ho&rsquo;oponopono pourra vous aider \u00e0 transformer votre vie par la gratitude et l&rsquo;amour.<\/p>\n\n\n\n<div class=\"wp-block-buttons is-horizontal is-content-justification-center is-layout-flex wp-container-core-buttons-is-layout-1d0765a4 wp-block-buttons-is-layout-flex\" style=\"margin-top:0;margin-bottom:0;padding-top:0;padding-right:var(--wp--preset--spacing--80);padding-bottom:0;padding-left:var(--wp--preset--spacing--80)\">\n<div class=\"wp-block-button is-style-outline is-style-outline--1\"><a class=\"wp-block-button__link wp-element-button\" href=\"https:\/\/www.resalib.fr\/praticien\/120890-anaya-coeur-cristallin-energeticien-saint-etienne-du-rouvray\" style=\"padding-top:var(--wp--preset--spacing--40);padding-right:var(--wp--preset--spacing--30);padding-bottom:var(--wp--preset--spacing--40);padding-left:var(--wp--preset--spacing--30)\" target=\"_blank\" rel=\"noreferrer noopener\">Ho&rsquo;oponopono individuel sur la th\u00e9matique de votre choix &#8211; 40 minutes, 50\u20ac<\/a><\/div>\n<\/div>\n\n\n<div style=\"text-align:center;z-index:9998;background-color:#ffffff38;border-radius:5px;padding:3px;font-family:'Helvetica Neue', Helvetica, Arial, sans-serif;max-width:400px;position:fixed;bottom:10px;right:10px;\">\n      <a target=\"_blank\" style=\"background-color:#4caf50 !important;border:none;color:#fff !important;padding:10px;margin:5px;text-align:center;text-decoration:none;display:inline-block;font-size:18px;margin-left:5px;\" class=\"rlb-rdv\" href=\"https:\/\/www.resalib.fr\/praticien\/120890-anaya-coeur-cristallin-energeticien-saint-etienne-du-rouvray>#newrdvmodal\u00a0\u00bb><br \/>\n            <img decoding=\"async\" src=\"https:\/\/www.resalib.fr\/app\/images\/ico\/clock.svg\" style=\"box-shadow:none;vertical-align:middle;height:22px;display:inline\"> Prendre rendez-vous<br \/>\n      <\/a>\n<\/div>\n","protected":false},"excerpt":{"rendered":"<p>Pratiquez le pardon, la gratitude et l&rsquo;amour pour transformer votre vie en toute autonomie En individuel, exp\u00e9rimentez les lib\u00e9rations, le l\u00e2cher-prise et la paix apport\u00e9s par la pratique de la [&hellip;]<\/p>\n","protected":false},"author":1,"featured_media":0,"parent":55,"menu_order":3,"comment_status":"closed","ping_status":"closed","template":"","meta":{"om_disable_all_campaigns":false,"_monsterinsights_skip_tracking":false,"_monsterinsights_sitenote_active":false,"_monsterinsights_sitenote_note":"","_monsterinsights_sitenote_category":0,"site-sidebar-layout":"default","site-content-layout":"","ast-site-content-layout":"default","site-content-style":"default","site-sidebar-style":"default","ast-global-header-display":"","ast-banner-title-visibility":"","ast-main-header-display":"","ast-hfb-above-header-display":"","ast-hfb-below-header-display":"","ast-hfb-mobile-header-display":"","site-post-title":"disabled","ast-breadcrumbs-content":"","ast-featured-img":"","footer-sml-layout":"","ast-disable-related-posts":"","theme-transparent-header-meta":"","adv-header-id-meta":"","stick-header-meta":"","header-above-stick-meta":"","header-main-stick-meta":"","header-below-stick-meta":"","astra-migrate-meta-layouts":"default","ast-page-background-enabled":"default","ast-page-background-meta":{"desktop":{"background-color":"var(--ast-global-color-4)","background-image":"","background-repeat":"repeat","background-position":"center center","background-size":"auto","background-attachment":"scroll","background-type":"","background-media":"","overlay-type":"","overlay-color":"","overlay-opacity":"","overlay-gradient":""},"tablet":{"background-color":"","background-image":"","background-repeat":"repeat","background-position":"center center","background-size":"auto","background-attachment":"scroll","background-type":"","background-media":"","overlay-type":"","overlay-color":"","overlay-opacity":"","overlay-gradient":""},"mobile":{"background-color":"","background-image":"","background-repeat":"repeat","background-position":"center center","background-size":"auto","background-attachment":"scroll","background-type":"","background-media":"","overlay-type":"","overlay-color":"","overlay-opacity":"","overlay-gradient":""}},"ast-content-background-meta":{"desktop":{"background-color":"var(--ast-global-color-5)","background-image":"","background-repeat":"repeat","background-position":"center center","background-size":"auto","background-attachment":"scroll","background-type":"","background-media":"","overlay-type":"","overlay-color":"","overlay-opacity":"","overlay-gradient":""},"tablet":{"background-color":"var(--ast-global-color-5)","background-image":"","background-repeat":"repeat","background-position":"center center","background-size":"auto","background-attachment":"scroll","background-type":"","background-media":"","overlay-type":"","overlay-color":"","overlay-opacity":"","overlay-gradient":""},"mobile":{"background-color":"var(--ast-global-color-5)","background-image":"","background-repeat":"repeat","background-position":"center center","background-size":"auto","background-attachment":"scroll","background-type":"","background-media":"","overlay-type":"","overlay-color":"","overlay-opacity":"","overlay-gradient":""}},"_EventAllDay":false,"_EventTimezone":"","_EventStartDate":"","_EventEndDate":"","_EventStartDateUTC":"","_EventEndDateUTC":"","_EventShowMap":false,"_EventShowMapLink":false,"_EventURL":"","_EventCost":"","_EventCostDescription":"","_EventCurrencySymbol":"","_EventCurrencyCode":"","_EventCurrencyPosition":"","_EventDateTimeSeparator":"","_EventTimeRangeSeparator":"","_EventOrganizerID":[],"_EventVenueID":[],"_OrganizerEmail":"","_OrganizerPhone":"","_OrganizerWebsite":"","_VenueAddress":"","_VenueCity":"","_VenueCountry":"","_VenueProvince":"","_VenueState":"","_VenueZip":"","_VenuePhone":"","_VenueURL":"","_VenueStateProvince":"","_VenueLat":"","_VenueLng":"","_VenueShowMap":false,"_VenueShowMapLink":false,"footnotes":""},"class_list":["post-2841","page","type-page","status-publish","hentry"],"aioseo_notices":[],"jetpack-related-posts":[{"id":55,"url":"https:\/\/anayacoeurcristallin.com\/","url_meta":{"origin":2841,"position":0},"title":"Offre propos\u00e9e","author":"anayacoeurcristallin.com","date":"6 mars 2024","format":false,"excerpt":"Prendre rendez-vous \ud83c\udf1f Quelle est votre demande ? \ud83c\udf1f \u26d3\ufe0f\u200d\ud83d\udca5 Lib\u00e9rez-vous de vos freins \u2013 Attirez ce que vous d\u00e9sirez \ud83c\udf81 Th\u00eataHealing\u00ae T\u00e9l\u00e9chargez et lib\u00e9rez des programmes et croyances sur toutes les th\u00e9matiques de votre choix. Gu\u00e9rissez une probl\u00e9matique, attirez l'abondance, d\u00e9veloppez vos comp\u00e9tences, lib\u00e9rez vos blocages, entrez en contact\u2026","rel":"","context":"Article similaire","block_context":{"text":"Article similaire","link":""},"img":{"alt_text":"","src":"https:\/\/i0.wp.com\/anayacoeurcristallin.com\/wp-content\/uploads\/2024\/12\/Partez-a-votre-rencontre-5.png?resize=350%2C200&ssl=1","width":350,"height":200,"srcset":"https:\/\/i0.wp.com\/anayacoeurcristallin.com\/wp-content\/uploads\/2024\/12\/Partez-a-votre-rencontre-5.png?resize=350%2C200&ssl=1 1x, https:\/\/i0.wp.com\/anayacoeurcristallin.com\/wp-content\/uploads\/2024\/12\/Partez-a-votre-rencontre-5.png?resize=525%2C300&ssl=1 1.5x, https:\/\/i0.wp.com\/anayacoeurcristallin.com\/wp-content\/uploads\/2024\/12\/Partez-a-votre-rencontre-5.png?resize=700%2C400&ssl=1 2x"},"classes":[]},{"id":724,"url":"https:\/\/anayacoeurcristallin.com\/?page_id=724","url_meta":{"origin":2841,"position":1},"title":"Tarifs","author":"anayacoeurcristallin.com","date":"15 mars 2024","format":false,"excerpt":"Tarifs Pour toute demande, contactez-moi ! OffrePr\u00e9sentiel (76800) ou DistancielTh\u00eataHealing\u00ae90 \u20acHypnose r\u00e9gressive quantique BQH230 \u20acADN Min\u00e9ral75 \u20acHo'oponopono50 \u20ac TVA non applicable (art. 293B du code g\u00e9n\u00e9ral des imp\u00f4ts). Prendre rendez-vous","rel":"","context":"Article similaire","block_context":{"text":"Article similaire","link":""},"img":{"alt_text":"","src":"https:\/\/i0.wp.com\/anayacoeurcristallin.com\/wp-content\/uploads\/2024\/06\/crocus-2135081_1280.jpg?resize=350%2C200&ssl=1","width":350,"height":200,"srcset":"https:\/\/i0.wp.com\/anayacoeurcristallin.com\/wp-content\/uploads\/2024\/06\/crocus-2135081_1280.jpg?resize=350%2C200&ssl=1 1x, https:\/\/i0.wp.com\/anayacoeurcristallin.com\/wp-content\/uploads\/2024\/06\/crocus-2135081_1280.jpg?resize=525%2C300&ssl=1 1.5x, https:\/\/i0.wp.com\/anayacoeurcristallin.com\/wp-content\/uploads\/2024\/06\/crocus-2135081_1280.jpg?resize=700%2C400&ssl=1 2x, https:\/\/i0.wp.com\/anayacoeurcristallin.com\/wp-content\/uploads\/2024\/06\/crocus-2135081_1280.jpg?resize=1050%2C600&ssl=1 3x"},"classes":[]},{"id":573,"url":"https:\/\/anayacoeurcristallin.com\/?page_id=573","url_meta":{"origin":2841,"position":2},"title":"Contact","author":"anayacoeurcristallin.com","date":"10 mars 2024","format":false,"excerpt":"\u2728 Anaya Coeur Cristallin - Anne Gourliau EI \u2728 \ud83d\udcec 9 rue Paul Langevin 76800 Saint-Etienne-du-Rouvray \ud83d\udcec \ud83d\udce7 Mail : anayacoeurcristallin@gmail.com \ud83d\udce7 \u260e\ufe0f T\u00e9l\u00e9phone : 06 41 95 17 28 \u260e\ufe0f Prendre rendez-vous","rel":"","context":"Article similaire","block_context":{"text":"Article similaire","link":""},"img":{"alt_text":"","src":"","width":0,"height":0},"classes":[]},{"id":2359,"url":"https:\/\/anayacoeurcristallin.com\/?page_id=2359","url_meta":{"origin":2841,"position":3},"title":"Ateliers sur demande","author":"anayacoeurcristallin.com","date":"4 octobre 2024","format":false,"excerpt":"Ateliers sur demande Afin de r\u00e9pondre au mieux \u00e0 vos envies, je vous propose diff\u00e9rents ateliers parfaitement ajustables \u00e0 vos besoins. Je me d\u00e9place sur votre lieu en Normandie (autres r\u00e9gions, me consulter), vous accueille chez moi \u00e0 Saint-Etienne-du-Rouvray (76800) si le groupe ne d\u00e9passe pas 3 personnes. Un atelier\u2026","rel":"","context":"Article similaire","block_context":{"text":"Article similaire","link":""},"img":{"alt_text":"","src":"https:\/\/i0.wp.com\/anayacoeurcristallin.com\/wp-content\/uploads\/2024\/10\/cat-2596496_1280.jpg?resize=350%2C200&ssl=1","width":350,"height":200,"srcset":"https:\/\/i0.wp.com\/anayacoeurcristallin.com\/wp-content\/uploads\/2024\/10\/cat-2596496_1280.jpg?resize=350%2C200&ssl=1 1x, https:\/\/i0.wp.com\/anayacoeurcristallin.com\/wp-content\/uploads\/2024\/10\/cat-2596496_1280.jpg?resize=525%2C300&ssl=1 1.5x, https:\/\/i0.wp.com\/anayacoeurcristallin.com\/wp-content\/uploads\/2024\/10\/cat-2596496_1280.jpg?resize=700%2C400&ssl=1 2x, https:\/\/i0.wp.com\/anayacoeurcristallin.com\/wp-content\/uploads\/2024\/10\/cat-2596496_1280.jpg?resize=1050%2C600&ssl=1 3x"},"classes":[]},{"id":330,"url":"https:\/\/anayacoeurcristallin.com\/?page_id=330","url_meta":{"origin":2841,"position":4},"title":"Conditions G\u00e9n\u00e9rales de Vente et de Prestation de Services","author":"anayacoeurcristallin.com","date":"8 mars 2024","format":false,"excerpt":"Entre le \u00ab Prestataire \u00bb Anne Gourliau, Anaya Coeur Cristallin, Auto entrepreneuse, Praticienne Energ\u00e9tique 9 rue Paul Langevin 76800 Saint-Etienne-du-Rouvray n\u00b0 de SIRET : 98476281500012 D'une part, Et le \u00ab Client \u00bb, personne physique majeure proc\u00e9dant \u00e0 l'achat de produits ou services sur le site https:\/\/anayacoeurcristallin.com\/ D'autre part. Pr\u00e9ambule Le\u2026","rel":"","context":"Article similaire","block_context":{"text":"Article similaire","link":""},"img":{"alt_text":"","src":"","width":0,"height":0},"classes":[]},{"id":342,"url":"https:\/\/anayacoeurcristallin.com\/?page_id=342","url_meta":{"origin":2841,"position":5},"title":"Mentions l\u00e9gales","author":"anayacoeurcristallin.com","date":"8 mars 2024","format":false,"excerpt":"Conform\u00e9ment aux dispositions des Articles 6-III et 19 de la Loi n\u00b02004-575 du 21 juin 2004 pour la Confiance dans l\u2019\u00e9conomie num\u00e9rique, dite L.C.E.N., il est port\u00e9 \u00e0 la connaissance des utilisateurs et visiteurs du site internet les pr\u00e9sentes mentions l\u00e9gales. Le site internet https:\/\/anayacoeurcristallin.com (ci-apr\u00e8s \u00ab le Site \u00bb)\u2026","rel":"","context":"Article similaire","block_context":{"text":"Article similaire","link":""},"img":{"alt_text":"","src":"","width":0,"height":0},"classes":[]}],"jetpack_sharing_enabled":true,"_links":{"self":[{"href":"https:\/\/anayacoeurcristallin.com\/index.php?rest_route=\/wp\/v2\/pages\/2841","targetHints":{"allow":["GET"]}}],"collection":[{"href":"https:\/\/anayacoeurcristallin.com\/index.php?rest_route=\/wp\/v2\/pages"}],"about":[{"href":"https:\/\/anayacoeurcristallin.com\/index.php?rest_route=\/wp\/v2\/types\/page"}],"author":[{"embeddable":true,"href":"https:\/\/anayacoeurcristallin.com\/index.php?rest_route=\/wp\/v2\/users\/1"}],"replies":[{"embeddable":true,"href":"https:\/\/anayacoeurcristallin.com\/index.php?rest_route=%2Fwp%2Fv2%2Fcomments&post=2841"}],"version-history":[{"count":5,"href":"https:\/\/anayacoeurcristallin.com\/index.php?rest_route=\/wp\/v2\/pages\/2841\/revisions"}],"predecessor-version":[{"id":2861,"href":"https:\/\/anayacoeurcristallin.com\/index.php?rest_route=\/wp\/v2\/pages\/2841\/revisions\/2861"}],"up":[{"embeddable":true,"href":"https:\/\/anayacoeurcristallin.com\/index.php?rest_route=\/wp\/v2\/pages\/55"}],"wp:attachment":[{"href":"https:\/\/anayacoeurcristallin.com\/index.php?rest_route=%2Fwp%2Fv2%2Fmedia&parent=2841"}],"curies":[{"name":"wp","href":"https:\/\/api.w.org\/{rel}","templated":true}]}}