{"id":496,"date":"2024-03-09T20:12:46","date_gmt":"2024-03-09T19:12:46","guid":{"rendered":"https:\/\/anayacoeurcristallin.com\/?page_id=496"},"modified":"2025-12-14T17:14:16","modified_gmt":"2025-12-14T16:14:16","slug":"a-propos","status":"publish","type":"page","link":"https:\/\/anayacoeurcristallin.com\/?page_id=496","title":{"rendered":"A propos"},"content":{"rendered":"\n<div class=\"wp-block-cover\"><img loading=\"lazy\" decoding=\"async\" width=\"2048\" height=\"1152\" class=\"wp-block-cover__image-background wp-image-497\" alt=\"\" src=\"https:\/\/anayacoeurcristallin.com\/wp-content\/uploads\/2024\/03\/378497587_3599649973616667_6814482093389267648_n.jpg\" style=\"object-position:78% 0%\" data-object-fit=\"cover\" data-object-position=\"78% 0%\" srcset=\"https:\/\/anayacoeurcristallin.com\/wp-content\/uploads\/2024\/03\/378497587_3599649973616667_6814482093389267648_n.jpg 2048w, https:\/\/anayacoeurcristallin.com\/wp-content\/uploads\/2024\/03\/378497587_3599649973616667_6814482093389267648_n-300x169.jpg 300w, https:\/\/anayacoeurcristallin.com\/wp-content\/uploads\/2024\/03\/378497587_3599649973616667_6814482093389267648_n-1024x576.jpg 1024w, https:\/\/anayacoeurcristallin.com\/wp-content\/uploads\/2024\/03\/378497587_3599649973616667_6814482093389267648_n-768x432.jpg 768w, https:\/\/anayacoeurcristallin.com\/wp-content\/uploads\/2024\/03\/378497587_3599649973616667_6814482093389267648_n-1536x864.jpg 1536w, https:\/\/anayacoeurcristallin.com\/wp-content\/uploads\/2024\/03\/378497587_3599649973616667_6814482093389267648_n-1320x743.jpg 1320w, https:\/\/anayacoeurcristallin.com\/wp-content\/uploads\/2024\/03\/378497587_3599649973616667_6814482093389267648_n-600x338.jpg 600w\" sizes=\"auto, (max-width: 2048px) 100vw, 2048px\" \/><span aria-hidden=\"true\" class=\"wp-block-cover__background has-ast-global-color-0-background-color has-background-dim\"><\/span><div class=\"wp-block-cover__inner-container is-layout-constrained wp-block-cover-is-layout-constrained\">\n<p class=\"has-text-align-center has-ast-global-color-5-color has-text-color has-link-color has-x-large-font-size wp-elements-30502c6fdaa0fc9f87f28bac399cbe9b\" style=\"font-style:normal;font-weight:600\"><strong>A propos<\/strong><\/p>\n<\/div><\/div>\n\n\n\n<p class=\"has-text-align-center\" style=\"padding-top:var(--wp--preset--spacing--80);padding-right:var(--wp--preset--spacing--60);padding-left:var(--wp--preset--spacing--60);font-size:17px\">La spiritualit\u00e9 est apparue dans ma vie d\u00e8s ma petite enfance, mais pendant longtemps je l&rsquo;ai perdue de vue.<\/p>\n\n\n\n<p class=\"has-text-align-center\" style=\"padding-top:var(--wp--preset--spacing--30);padding-right:var(--wp--preset--spacing--60);padding-bottom:var(--wp--preset--spacing--30);padding-left:var(--wp--preset--spacing--60);font-size:17px\">Pendant des ann\u00e9es je me suis cherch\u00e9e. Navigant entre diff\u00e9rents m\u00e9tiers, bondissant d&rsquo;un sujet d&rsquo;\u00e9tude \u00e0 un autre. Allant toujours plus haut dans ma qu\u00eate de dipl\u00f4mes.<\/p>\n\n\n\n<p class=\"has-text-align-center\" style=\"padding-top:var(--wp--preset--spacing--30);padding-right:var(--wp--preset--spacing--60);padding-bottom:var(--wp--preset--spacing--30);padding-left:var(--wp--preset--spacing--60);font-size:17px\">Apr\u00e8s avoir exp\u00e9riment\u00e9 tout ce qui ne m&rsquo;allait pas, je suis enfin arriv\u00e9e \u00e0 des sujets qui me passionnaient. Petit \u00e0 petit j&rsquo;ai remont\u00e9 le fil, guid\u00e9e par mon c\u0153ur dans mes choix. J&rsquo;ai ainsi trouv\u00e9 ma boussole vers le bonheur, la joie et l&rsquo;abondance journali\u00e8re.<\/p>\n\n\n\n<p class=\"has-text-align-center\" style=\"padding-top:var(--wp--preset--spacing--30);padding-right:var(--wp--preset--spacing--60);padding-bottom:var(--wp--preset--spacing--30);padding-left:var(--wp--preset--spacing--60);font-size:17px\">En plus de mes lectures, exp\u00e9rimentations et m\u00e9ditations, depuis 2022 je me forme \u00e0 diff\u00e9rentes approches et techniques spirituelles. Certaines sont des outils de c\u0153ur que je propose en s\u00e9ance.<\/p>\n\n\n\n<ul style=\"font-size:17px\" class=\"wp-block-list\">\n<li>Th\u00eataHealing\u00ae\n<ul class=\"wp-block-list\">\n<li>ADN Base &#8211; 2025<\/li>\n\n\n\n<li>ADN Avanc\u00e9 &#8211; 2025<\/li>\n\n\n\n<li>Approfondissement &#8211; 2025<\/li>\n\n\n\n<li>Toi et le Cr\u00e9ateur &#8211; 2025<\/li>\n\n\n\n<li>Rythme &#8211; 2025<\/li>\n\n\n\n<li>Le Jeu de la Vie &#8211; 2025<\/li>\n<\/ul>\n<\/li>\n\n\n\n<li>Human design &#8211; 2025-____<\/li>\n\n\n\n<li>Formateur Codes et Langage de Lumi\u00e8re &#8211; 2024<\/li>\n\n\n\n<li>\u00c9cole des Gu\u00e9risseuses &#8211; 2024-2025<\/li>\n\n\n\n<li>HEMC (Haute \u00c9cole de la Manifestation Consciente) &#8211; 2024<\/li>\n\n\n\n<li>Th\u00e8me min\u00e9ral &#8211; 2024<\/li>\n\n\n\n<li>ADN min\u00e9ral &#8211; 2024<\/li>\n\n\n\n<li>Hypnose R\u00e9gressive Quantique BQH (Beyond Quantum Healing &#8211; Au-del\u00e0 des Soins Quantiques)  &#8211;  2024<\/li>\n\n\n\n<li>Lithoth\u00e9rapie &#8211; 2024<\/li>\n\n\n\n<li>Baguettes sensitives &#8211; 2024<\/li>\n\n\n\n<li>Cr\u00e9er en Conscience  &#8211;  2023<\/li>\n\n\n\n<li>Codes et Langages de Lumi\u00e8re (3 niveaux)  &#8211;  2023<\/li>\n\n\n\n<li>Etre et Univers Acoustique  &#8211;  2023<\/li>\n\n\n\n<li>Access Bars &#8211; 2022<\/li>\n\n\n\n<li>\u00c9criture intuitive &#8211; 2022<\/li>\n<\/ul>\n\n\n\n<p class=\"has-text-align-center\" style=\"padding-top:var(--wp--preset--spacing--40);padding-right:var(--wp--preset--spacing--60);padding-bottom:var(--wp--preset--spacing--40);padding-left:var(--wp--preset--spacing--60);font-size:17px\">Ayant fait pendant des ann\u00e9es du violon, de la chorale, de la danse, je suis tr\u00e8s sensible aux sons et aux mouvements. Depuis 2020 je m&rsquo;int\u00e9resse aux instruments vibratoires, au yoga du son et \u00e0 la danse intuitive. Je les int\u00e8gre pleinement dans mes s\u00e9ances comme supports de m\u00e9ditation, de relaxation, voire de gu\u00e9rison.<\/p>\n\n\n\n<p class=\"has-text-align-center\" style=\"padding-top:var(--wp--preset--spacing--40);padding-right:var(--wp--preset--spacing--60);padding-bottom:var(--wp--preset--spacing--40);padding-left:var(--wp--preset--spacing--60);font-size:17px\">Depuis toute petite, c&rsquo;est dans les moments de cr\u00e9ation que mon c\u0153ur s&rsquo;ouvre pleinement. C&rsquo;est naturellement que je me suis mise \u00e0 r\u00e9aliser des tableaux \u00e0 la suite de s\u00e9ances \u00e9nerg\u00e9tiques. Ceux-ci me viennent intuitivement lorsque je me connecte \u00e0 votre \u00e9nergie et \u00e0 celle de la s\u00e9ance. Je ne per\u00e7ois pas le r\u00e9sultat final, je laisse simplement mes mains jouer sur la toile, en confiance, ouverte aux messages. Les tableaux sont ainsi emplis de codes de lumi\u00e8re par le m\u00e9lange de peintures, les \u00e9l\u00e9ments coll\u00e9s et les mots \u00e9crits.<\/p>\n\n\n\n<p class=\"has-text-align-center\" style=\"padding-top:var(--wp--preset--spacing--50);padding-right:var(--wp--preset--spacing--60);padding-bottom:0;padding-left:var(--wp--preset--spacing--60);font-size:30px\">\ud83e\ude84\u2728\ud83e\udded\ud83c\udf88<\/p>\n\n\n\n<p class=\"has-text-align-center has-medium-font-size\" style=\"padding-top:0;padding-right:var(--wp--preset--spacing--60);padding-bottom:var(--wp--preset--spacing--30);padding-left:var(--wp--preset--spacing--60)\">Aujourd&rsquo;hui je souhaite <strong>Inspirer les \u00eatres et les \u00e2mes \u00e0 grandir, s&rsquo;ouvrir, d\u00e9couvrir, d\u00e9voiler, d\u00e9velopper, cr\u00e9er leur merveilleux<\/strong>. <\/p>\n\n\n\n<p class=\"has-text-align-center\" style=\"padding-top:var(--wp--preset--spacing--20);padding-right:var(--wp--preset--spacing--20);padding-bottom:var(--wp--preset--spacing--20);padding-left:var(--wp--preset--spacing--20);font-size:30px\">\ud83c\udf81\ud83c\udfde\ufe0f\ud83d\uddfd\ud83d\udc92\ud83c\udf1e\ud83c\udf20\ud83c\udf08<\/p>\n\n\n\n<p class=\"has-text-align-center\" style=\"padding-top:var(--wp--preset--spacing--50);padding-right:var(--wp--preset--spacing--60);padding-bottom:var(--wp--preset--spacing--50);padding-left:var(--wp--preset--spacing--60);font-size:17px\">J&rsquo;ai d\u00e9couvert ma <strong>mission de vie<\/strong> et celles que j&rsquo;ai pu avoir dans d&rsquo;autres incarnations terrestres et non, au cours de s\u00e9ances d&rsquo;<strong><a href=\"https:\/\/anayacoeurcristallin.com\/?page_id=353\" title=\"Hypnose r\u00e9gressive quantique (BQH)\">Hypnose r\u00e9gressive quantique (BQH)<\/a><\/strong> et de <strong>m\u00e9ditations<\/strong>. Ces prises de conscience m&rsquo;ont \u00e9galement permis de <strong>comprendre pourquoi aujourd&rsquo;hui j&rsquo;ai cette mission de vie et ces probl\u00e9matiques<\/strong>, ce qui est un grand pas vers leur r\u00e9solution.<\/p>\n\n\n\n<p class=\"has-text-align-center\" style=\"padding-top:0;padding-right:var(--wp--preset--spacing--20);padding-bottom:0;padding-left:var(--wp--preset--spacing--20);font-size:30px\">\ud83d\ude4f\ud83c\udf81\ud83c\udf87\ud83e\uddd8\ud83c\udffc\u200d\u2640\ufe0f\ud83e\udd70\ud83c\udf08\u2b50<\/p>\n\n\n\n<p class=\"has-text-align-center\" style=\"padding-top:0;padding-right:var(--wp--preset--spacing--60);padding-bottom:var(--wp--preset--spacing--60);padding-left:var(--wp--preset--spacing--60);font-size:17px\">En d\u00e9cembre 2024 je d\u00e9couvre et exp\u00e9rimente le <strong>Th\u00eataHealing\u00ae<\/strong> pour la premi\u00e8re fois. C&rsquo;est un coup de coeur imm\u00e9diat ! Les s\u00e9ances sont plus <strong>rapides<\/strong>, les <strong>r\u00e9sultats ressentis<\/strong> et v\u00e9cus dans l&rsquo;<strong>imm\u00e9diatet\u00e9<\/strong> (pour moi), je ne perds plus d&rsquo;\u00e9nergie en animant une s\u00e9ance et je per\u00e7ois <strong>une v\u00e9ritable \u00e9volution personnelle<\/strong>. <strong>Mes visualisations se r\u00e9alisent, ma connexion au Cr\u00e9ateur est fluide, je re\u00e7ois des r\u00e9ponses et messages en instantan\u00e9.<\/strong> Bref, je me forme et depuis <strong>je l&rsquo;utilise au quotidien<\/strong> dans ma vie (pour ne pas dire toutes les heures). Aujourd&rsquo;hui je propose aux autres d&rsquo;exp\u00e9rimenter \u00e0 leur tour une s\u00e9ance de <a href=\"https:\/\/anayacoeurcristallin.com\/?page_id=2704\" title=\"Th\u00eataHealing\"><strong>Th\u00eataHealing<\/strong><\/a>\u00ae avec un immense bonheur !<\/p>\n\n\n\n<div class=\"wp-block-columns is-layout-flex wp-container-core-columns-is-layout-44590b80 wp-block-columns-is-layout-flex\" style=\"margin-top:0;margin-bottom:0;padding-top:0;padding-bottom:0\">\n<div class=\"wp-block-column is-layout-flow wp-block-column-is-layout-flow\" style=\"flex-basis:33.34%\"><\/div>\n\n\n\n<div class=\"wp-block-column is-layout-flow wp-block-column-is-layout-flow\" style=\"flex-basis:90%\">\n<figure data-wp-context=\"{&quot;imageId&quot;:&quot;69f20b40b2084&quot;}\" data-wp-interactive=\"core\/image\" data-wp-key=\"69f20b40b2084\" class=\"wp-block-image alignfull size-full wp-lightbox-container\"><img loading=\"lazy\" decoding=\"async\" width=\"1600\" height=\"1067\" data-wp-class--hide=\"state.isContentHidden\" data-wp-class--show=\"state.isContentVisible\" data-wp-init=\"callbacks.setButtonStyles\" data-wp-on--click=\"actions.showLightbox\" data-wp-on--load=\"callbacks.setButtonStyles\" data-wp-on-window--resize=\"callbacks.setButtonStyles\" src=\"https:\/\/anayacoeurcristallin.com\/wp-content\/uploads\/2024\/12\/Anne-Gourliau_Jinspire-les-ames2-edited.jpg\" alt=\"\" class=\"wp-image-2431\" srcset=\"https:\/\/anayacoeurcristallin.com\/wp-content\/uploads\/2024\/12\/Anne-Gourliau_Jinspire-les-ames2-edited.jpg 1600w, https:\/\/anayacoeurcristallin.com\/wp-content\/uploads\/2024\/12\/Anne-Gourliau_Jinspire-les-ames2-edited-300x200.jpg 300w, https:\/\/anayacoeurcristallin.com\/wp-content\/uploads\/2024\/12\/Anne-Gourliau_Jinspire-les-ames2-edited-1024x683.jpg 1024w, https:\/\/anayacoeurcristallin.com\/wp-content\/uploads\/2024\/12\/Anne-Gourliau_Jinspire-les-ames2-edited-768x512.jpg 768w, https:\/\/anayacoeurcristallin.com\/wp-content\/uploads\/2024\/12\/Anne-Gourliau_Jinspire-les-ames2-edited-1536x1024.jpg 1536w, https:\/\/anayacoeurcristallin.com\/wp-content\/uploads\/2024\/12\/Anne-Gourliau_Jinspire-les-ames2-edited-1320x880.jpg 1320w, https:\/\/anayacoeurcristallin.com\/wp-content\/uploads\/2024\/12\/Anne-Gourliau_Jinspire-les-ames2-edited-600x400.jpg 600w\" sizes=\"auto, (max-width: 1600px) 100vw, 1600px\" \/><button\n\t\t\tclass=\"lightbox-trigger\"\n\t\t\ttype=\"button\"\n\t\t\taria-haspopup=\"dialog\"\n\t\t\taria-label=\"Agrandir\"\n\t\t\tdata-wp-init=\"callbacks.initTriggerButton\"\n\t\t\tdata-wp-on--click=\"actions.showLightbox\"\n\t\t\tdata-wp-style--right=\"state.imageButtonRight\"\n\t\t\tdata-wp-style--top=\"state.imageButtonTop\"\n\t\t>\n\t\t\t<svg xmlns=\"http:\/\/www.w3.org\/2000\/svg\" width=\"12\" height=\"12\" fill=\"none\" viewBox=\"0 0 12 12\">\n\t\t\t\t<path fill=\"#fff\" d=\"M2 0a2 2 0 0 0-2 2v2h1.5V2a.5.5 0 0 1 .5-.5h2V0H2Zm2 10.5H2a.5.5 0 0 1-.5-.5V8H0v2a2 2 0 0 0 2 2h2v-1.5ZM8 12v-1.5h2a.5.5 0 0 0 .5-.5V8H12v2a2 2 0 0 1-2 2H8Zm2-12a2 2 0 0 1 2 2v2h-1.5V2a.5.5 0 0 0-.5-.5H8V0h2Z\" \/>\n\t\t\t<\/svg>\n\t\t<\/button><\/figure>\n<\/div>\n\n\n\n<div class=\"wp-block-column is-layout-flow wp-block-column-is-layout-flow\" style=\"flex-basis:33.33%\"><\/div>\n<\/div>\n\n\n\n<p><\/p>\n\n\n<div style=\"text-align:center;z-index:9998;background-color:#ffffff38;border-radius:5px;padding:3px;font-family:'Helvetica Neue', Helvetica, Arial, sans-serif;max-width:400px;position:fixed;bottom:10px;right:10px;\">\n      <a target=\"_blank\" style=\"background-color:#4caf50 !important;border:none;color:#fff !important;padding:10px;margin:5px;text-align:center;text-decoration:none;display:inline-block;font-size:18px;margin-left:5px;\" class=\"rlb-rdv\" href=\"https:\/\/www.resalib.fr\/praticien\/120890-anaya-coeur-cristallin-energeticien-saint-etienne-du-rouvray>#newrdvmodal\u00a0\u00bb><br \/>\n            <img decoding=\"async\" src=\"https:\/\/www.resalib.fr\/app\/images\/ico\/clock.svg\" style=\"box-shadow:none;vertical-align:middle;height:22px;display:inline\"> Prendre rendez-vous<br \/>\n      <\/a>\n<\/div>\n","protected":false},"excerpt":{"rendered":"<p>La spiritualit\u00e9 est apparue dans ma vie d\u00e8s ma petite enfance, mais pendant longtemps je l&rsquo;ai perdue de vue. Pendant des ann\u00e9es je me suis cherch\u00e9e. Navigant entre diff\u00e9rents m\u00e9tiers, [&hellip;]<\/p>\n","protected":false},"author":1,"featured_media":0,"parent":0,"menu_order":5,"comment_status":"closed","ping_status":"closed","template":"","meta":{"om_disable_all_campaigns":false,"_monsterinsights_skip_tracking":false,"_monsterinsights_sitenote_active":false,"_monsterinsights_sitenote_note":"","_monsterinsights_sitenote_category":0,"site-sidebar-layout":"default","site-content-layout":"","ast-site-content-layout":"","site-content-style":"default","site-sidebar-style":"default","ast-global-header-display":"","ast-banner-title-visibility":"","ast-main-header-display":"","ast-hfb-above-header-display":"","ast-hfb-below-header-display":"","ast-hfb-mobile-header-display":"","site-post-title":"disabled","ast-breadcrumbs-content":"","ast-featured-img":"","footer-sml-layout":"","ast-disable-related-posts":"","theme-transparent-header-meta":"","adv-header-id-meta":"","stick-header-meta":"","header-above-stick-meta":"","header-main-stick-meta":"","header-below-stick-meta":"","astra-migrate-meta-layouts":"default","ast-page-background-enabled":"default","ast-page-background-meta":{"desktop":{"background-color":"var(--ast-global-color-4)","background-image":"","background-repeat":"repeat","background-position":"center center","background-size":"auto","background-attachment":"scroll","background-type":"","background-media":"","overlay-type":"","overlay-color":"","overlay-opacity":"","overlay-gradient":""},"tablet":{"background-color":"","background-image":"","background-repeat":"repeat","background-position":"center center","background-size":"auto","background-attachment":"scroll","background-type":"","background-media":"","overlay-type":"","overlay-color":"","overlay-opacity":"","overlay-gradient":""},"mobile":{"background-color":"","background-image":"","background-repeat":"repeat","background-position":"center center","background-size":"auto","background-attachment":"scroll","background-type":"","background-media":"","overlay-type":"","overlay-color":"","overlay-opacity":"","overlay-gradient":""}},"ast-content-background-meta":{"desktop":{"background-color":"var(--ast-global-color-5)","background-image":"","background-repeat":"repeat","background-position":"center center","background-size":"auto","background-attachment":"scroll","background-type":"","background-media":"","overlay-type":"","overlay-color":"","overlay-opacity":"","overlay-gradient":""},"tablet":{"background-color":"var(--ast-global-color-5)","background-image":"","background-repeat":"repeat","background-position":"center center","background-size":"auto","background-attachment":"scroll","background-type":"","background-media":"","overlay-type":"","overlay-color":"","overlay-opacity":"","overlay-gradient":""},"mobile":{"background-color":"var(--ast-global-color-5)","background-image":"","background-repeat":"repeat","background-position":"center center","background-size":"auto","background-attachment":"scroll","background-type":"","background-media":"","overlay-type":"","overlay-color":"","overlay-opacity":"","overlay-gradient":""}},"_EventAllDay":false,"_EventTimezone":"","_EventStartDate":"","_EventEndDate":"","_EventStartDateUTC":"","_EventEndDateUTC":"","_EventShowMap":false,"_EventShowMapLink":false,"_EventURL":"","_EventCost":"","_EventCostDescription":"","_EventCurrencySymbol":"","_EventCurrencyCode":"","_EventCurrencyPosition":"","_EventDateTimeSeparator":"","_EventTimeRangeSeparator":"","_EventOrganizerID":[],"_EventVenueID":[],"_OrganizerEmail":"","_OrganizerPhone":"","_OrganizerWebsite":"","_VenueAddress":"","_VenueCity":"","_VenueCountry":"","_VenueProvince":"","_VenueState":"","_VenueZip":"","_VenuePhone":"","_VenueURL":"","_VenueStateProvince":"","_VenueLat":"","_VenueLng":"","_VenueShowMap":false,"_VenueShowMapLink":false,"footnotes":""},"class_list":["post-496","page","type-page","status-publish","hentry"],"aioseo_notices":[],"jetpack-related-posts":[{"id":573,"url":"https:\/\/anayacoeurcristallin.com\/?page_id=573","url_meta":{"origin":496,"position":0},"title":"Contact","author":"anayacoeurcristallin.com","date":"10 mars 2024","format":false,"excerpt":"\u2728 Anaya Coeur Cristallin - Anne Gourliau EI \u2728 \ud83d\udcec 9 rue Paul Langevin 76800 Saint-Etienne-du-Rouvray \ud83d\udcec \ud83d\udce7 Mail : anayacoeurcristallin@gmail.com \ud83d\udce7 \u260e\ufe0f T\u00e9l\u00e9phone : 06 41 95 17 28 \u260e\ufe0f Prendre rendez-vous","rel":"","context":"Article similaire","block_context":{"text":"Article similaire","link":""},"img":{"alt_text":"","src":"","width":0,"height":0},"classes":[]},{"id":2359,"url":"https:\/\/anayacoeurcristallin.com\/?page_id=2359","url_meta":{"origin":496,"position":1},"title":"Ateliers sur demande","author":"anayacoeurcristallin.com","date":"4 octobre 2024","format":false,"excerpt":"Ateliers sur demande Afin de r\u00e9pondre au mieux \u00e0 vos envies, je vous propose diff\u00e9rents ateliers parfaitement ajustables \u00e0 vos besoins. Je me d\u00e9place sur votre lieu en Normandie (autres r\u00e9gions, me consulter), vous accueille chez moi \u00e0 Saint-Etienne-du-Rouvray (76800) si le groupe ne d\u00e9passe pas 3 personnes. Un atelier\u2026","rel":"","context":"Article similaire","block_context":{"text":"Article similaire","link":""},"img":{"alt_text":"","src":"https:\/\/i0.wp.com\/anayacoeurcristallin.com\/wp-content\/uploads\/2024\/10\/cat-2596496_1280.jpg?resize=350%2C200&ssl=1","width":350,"height":200,"srcset":"https:\/\/i0.wp.com\/anayacoeurcristallin.com\/wp-content\/uploads\/2024\/10\/cat-2596496_1280.jpg?resize=350%2C200&ssl=1 1x, https:\/\/i0.wp.com\/anayacoeurcristallin.com\/wp-content\/uploads\/2024\/10\/cat-2596496_1280.jpg?resize=525%2C300&ssl=1 1.5x, https:\/\/i0.wp.com\/anayacoeurcristallin.com\/wp-content\/uploads\/2024\/10\/cat-2596496_1280.jpg?resize=700%2C400&ssl=1 2x, https:\/\/i0.wp.com\/anayacoeurcristallin.com\/wp-content\/uploads\/2024\/10\/cat-2596496_1280.jpg?resize=1050%2C600&ssl=1 3x"},"classes":[]},{"id":2081,"url":"https:\/\/anayacoeurcristallin.com\/?page_id=2081","url_meta":{"origin":496,"position":2},"title":"ADN Min\u00e9ral","author":"anayacoeurcristallin.com","date":"31 juillet 2024","format":false,"excerpt":"ADN Min\u00e9ral Conna\u00eetre son ADN Min\u00e9ral, c\u2019est\u00a0: Comprendre plus finement sa personnalit\u00e9, ses r\u00e9actions, sa fa\u00e7on de fonctionner Identifier quelle pierre utiliser pour s\u2019aider au quotidien en fonction d\u2019une situation Avoir un outil, une m\u00e9thode, pour \u00e9voluer selon ses besoins de fa\u00e7on autonome et consciente \ud83d\udc8e\ud83d\udddd\ufe0f\ud83d\udc8e\ud83d\udd13\ud83d\udc8e\ud83d\udddd\ufe0f\ud83d\udc8e Votre ADN Min\u00e9ral vous\u2026","rel":"","context":"Article similaire","block_context":{"text":"Article similaire","link":""},"img":{"alt_text":"","src":"https:\/\/i0.wp.com\/anayacoeurcristallin.com\/wp-content\/uploads\/2024\/08\/Aigue-marine-2.jpg?resize=350%2C200&ssl=1","width":350,"height":200,"srcset":"https:\/\/i0.wp.com\/anayacoeurcristallin.com\/wp-content\/uploads\/2024\/08\/Aigue-marine-2.jpg?resize=350%2C200&ssl=1 1x, https:\/\/i0.wp.com\/anayacoeurcristallin.com\/wp-content\/uploads\/2024\/08\/Aigue-marine-2.jpg?resize=525%2C300&ssl=1 1.5x, https:\/\/i0.wp.com\/anayacoeurcristallin.com\/wp-content\/uploads\/2024\/08\/Aigue-marine-2.jpg?resize=700%2C400&ssl=1 2x, https:\/\/i0.wp.com\/anayacoeurcristallin.com\/wp-content\/uploads\/2024\/08\/Aigue-marine-2.jpg?resize=1050%2C600&ssl=1 3x, https:\/\/i0.wp.com\/anayacoeurcristallin.com\/wp-content\/uploads\/2024\/08\/Aigue-marine-2.jpg?resize=1400%2C800&ssl=1 4x"},"classes":[]},{"id":2704,"url":"https:\/\/anayacoeurcristallin.com\/?page_id=2704","url_meta":{"origin":496,"position":3},"title":"Th\u00eataHealing\u00ae","author":"anayacoeurcristallin.com","date":"24 avril 2025","format":false,"excerpt":"Th\u00eataHealing\u00ae Avec le Th\u00eataHealing, transformez votre vie Modifiez vos croyances, vos programmes, votre r\u00e9alit\u00e9. Gu\u00e9rissez une probl\u00e9matique, attirez l\u2019abondance, d\u00e9veloppez vos comp\u00e9tences, lib\u00e9rez vos blocages, entrez en contact avec des d\u00e9funts, des animaux, des plantes,\u2026 Laissez libre court \u00e0 votre imagination, les possibilit\u00e9s sont infinies ! Demandez, Lib\u00e9rez, Transformez et\u2026","rel":"","context":"Article similaire","block_context":{"text":"Article similaire","link":""},"img":{"alt_text":"","src":"https:\/\/i0.wp.com\/anayacoeurcristallin.com\/wp-content\/uploads\/2024\/03\/hand-3452582_640-1.jpg?resize=350%2C200","width":350,"height":200,"srcset":"https:\/\/i0.wp.com\/anayacoeurcristallin.com\/wp-content\/uploads\/2024\/03\/hand-3452582_640-1.jpg?resize=350%2C200 1x, https:\/\/i0.wp.com\/anayacoeurcristallin.com\/wp-content\/uploads\/2024\/03\/hand-3452582_640-1.jpg?resize=525%2C300 1.5x"},"classes":[]},{"id":330,"url":"https:\/\/anayacoeurcristallin.com\/?page_id=330","url_meta":{"origin":496,"position":4},"title":"Conditions G\u00e9n\u00e9rales de Vente et de Prestation de Services","author":"anayacoeurcristallin.com","date":"8 mars 2024","format":false,"excerpt":"Entre le \u00ab Prestataire \u00bb Anne Gourliau, Anaya Coeur Cristallin, Auto entrepreneuse, Praticienne Energ\u00e9tique 9 rue Paul Langevin 76800 Saint-Etienne-du-Rouvray n\u00b0 de SIRET : 98476281500012 D'une part, Et le \u00ab Client \u00bb, personne physique majeure proc\u00e9dant \u00e0 l'achat de produits ou services sur le site https:\/\/anayacoeurcristallin.com\/ D'autre part. Pr\u00e9ambule Le\u2026","rel":"","context":"Article similaire","block_context":{"text":"Article similaire","link":""},"img":{"alt_text":"","src":"","width":0,"height":0},"classes":[]},{"id":342,"url":"https:\/\/anayacoeurcristallin.com\/?page_id=342","url_meta":{"origin":496,"position":5},"title":"Mentions l\u00e9gales","author":"anayacoeurcristallin.com","date":"8 mars 2024","format":false,"excerpt":"Conform\u00e9ment aux dispositions des Articles 6-III et 19 de la Loi n\u00b02004-575 du 21 juin 2004 pour la Confiance dans l\u2019\u00e9conomie num\u00e9rique, dite L.C.E.N., il est port\u00e9 \u00e0 la connaissance des utilisateurs et visiteurs du site internet les pr\u00e9sentes mentions l\u00e9gales. Le site internet https:\/\/anayacoeurcristallin.com (ci-apr\u00e8s \u00ab le Site \u00bb)\u2026","rel":"","context":"Article similaire","block_context":{"text":"Article similaire","link":""},"img":{"alt_text":"","src":"","width":0,"height":0},"classes":[]}],"jetpack_sharing_enabled":true,"_links":{"self":[{"href":"https:\/\/anayacoeurcristallin.com\/index.php?rest_route=\/wp\/v2\/pages\/496","targetHints":{"allow":["GET"]}}],"collection":[{"href":"https:\/\/anayacoeurcristallin.com\/index.php?rest_route=\/wp\/v2\/pages"}],"about":[{"href":"https:\/\/anayacoeurcristallin.com\/index.php?rest_route=\/wp\/v2\/types\/page"}],"author":[{"embeddable":true,"href":"https:\/\/anayacoeurcristallin.com\/index.php?rest_route=\/wp\/v2\/users\/1"}],"replies":[{"embeddable":true,"href":"https:\/\/anayacoeurcristallin.com\/index.php?rest_route=%2Fwp%2Fv2%2Fcomments&post=496"}],"version-history":[{"count":43,"href":"https:\/\/anayacoeurcristallin.com\/index.php?rest_route=\/wp\/v2\/pages\/496\/revisions"}],"predecessor-version":[{"id":2831,"href":"https:\/\/anayacoeurcristallin.com\/index.php?rest_route=\/wp\/v2\/pages\/496\/revisions\/2831"}],"wp:attachment":[{"href":"https:\/\/anayacoeurcristallin.com\/index.php?rest_route=%2Fwp%2Fv2%2Fmedia&parent=496"}],"curies":[{"name":"wp","href":"https:\/\/api.w.org\/{rel}","templated":true}]}}