{"id":573,"date":"2024-03-10T01:43:10","date_gmt":"2024-03-10T00:43:10","guid":{"rendered":"https:\/\/anayacoeurcristallin.com\/?page_id=573"},"modified":"2025-12-14T17:11:57","modified_gmt":"2025-12-14T16:11:57","slug":"contact","status":"publish","type":"page","link":"https:\/\/anayacoeurcristallin.com\/?page_id=573","title":{"rendered":"Contact"},"content":{"rendered":"\n<p class=\"has-text-align-center\" style=\"padding-top:var(--wp--preset--spacing--80);padding-bottom:0;font-size:17px\">\u2728   Anaya Coeur Cristallin  &#8211;  Anne Gourliau EI  \u2728<\/p>\n\n\n\n<p class=\"has-text-align-center\" style=\"padding-top:0;padding-bottom:0;font-size:17px\">\ud83d\udcec   9 rue Paul Langevin 76800 Saint-Etienne-du-Rouvray   \ud83d\udcec<\/p>\n\n\n\n<p class=\"has-text-align-center\" style=\"padding-top:0;padding-bottom:0;font-size:17px\">\ud83d\udce7   Mail : <a href=\"mailto:anayacoeurcristallin@gmail.com\">anayacoeurcristallin@gmail.com<\/a>   \ud83d\udce7<\/p>\n\n\n\n<p class=\"has-text-align-center\" style=\"padding-top:0;padding-bottom:0;font-size:17px\">\u260e\ufe0f   T\u00e9l\u00e9phone : 06 41 95 17 28   \u260e\ufe0f<\/p>\n\n\n<div style=\"text-align:center;z-index:9998;background-color:#ffffff38;border-radius:5px;padding:3px;font-family:'Helvetica Neue', Helvetica, Arial, sans-serif;max-width:400px;position:fixed;bottom:10px;right:10px;\">\n      <a target=\"_blank\" style=\"background-color:#4caf50 !important;border:none;color:#fff !important;padding:10px;margin:5px;text-align:center;text-decoration:none;display:inline-block;font-size:18px;margin-left:5px;\" class=\"rlb-rdv\" href=\"https:\/\/www.resalib.fr\/praticien\/120890-anaya-coeur-cristallin-energeticien-saint-etienne-du-rouvray>#newrdvmodal\u00a0\u00bb><br \/>\n            <img decoding=\"async\" src=\"https:\/\/www.resalib.fr\/app\/images\/ico\/clock.svg\" style=\"box-shadow:none;vertical-align:middle;height:22px;display:inline\"> Prendre rendez-vous<br \/>\n      <\/a>\n<\/div>\n","protected":false},"excerpt":{"rendered":"<p>\u2728 Anaya Coeur Cristallin &#8211; Anne Gourliau EI \u2728 \ud83d\udcec 9 rue Paul Langevin 76800 Saint-Etienne-du-Rouvray \ud83d\udcec \ud83d\udce7 Mail : anayacoeurcristallin@gmail.com \ud83d\udce7 \u260e\ufe0f T\u00e9l\u00e9phone : 06 41 95 17 28 [&hellip;]<\/p>\n","protected":false},"author":1,"featured_media":0,"parent":496,"menu_order":0,"comment_status":"closed","ping_status":"closed","template":"","meta":{"om_disable_all_campaigns":false,"_monsterinsights_skip_tracking":false,"_monsterinsights_sitenote_active":false,"_monsterinsights_sitenote_note":"","_monsterinsights_sitenote_category":0,"site-sidebar-layout":"default","site-content-layout":"","ast-site-content-layout":"default","site-content-style":"default","site-sidebar-style":"default","ast-global-header-display":"","ast-banner-title-visibility":"","ast-main-header-display":"","ast-hfb-above-header-display":"","ast-hfb-below-header-display":"","ast-hfb-mobile-header-display":"","site-post-title":"","ast-breadcrumbs-content":"","ast-featured-img":"","footer-sml-layout":"","ast-disable-related-posts":"","theme-transparent-header-meta":"","adv-header-id-meta":"","stick-header-meta":"","header-above-stick-meta":"","header-main-stick-meta":"","header-below-stick-meta":"","astra-migrate-meta-layouts":"default","ast-page-background-enabled":"default","ast-page-background-meta":{"desktop":{"background-color":"var(--ast-global-color-4)","background-image":"","background-repeat":"repeat","background-position":"center center","background-size":"auto","background-attachment":"scroll","background-type":"","background-media":"","overlay-type":"","overlay-color":"","overlay-opacity":"","overlay-gradient":""},"tablet":{"background-color":"","background-image":"","background-repeat":"repeat","background-position":"center center","background-size":"auto","background-attachment":"scroll","background-type":"","background-media":"","overlay-type":"","overlay-color":"","overlay-opacity":"","overlay-gradient":""},"mobile":{"background-color":"","background-image":"","background-repeat":"repeat","background-position":"center center","background-size":"auto","background-attachment":"scroll","background-type":"","background-media":"","overlay-type":"","overlay-color":"","overlay-opacity":"","overlay-gradient":""}},"ast-content-background-meta":{"desktop":{"background-color":"var(--ast-global-color-5)","background-image":"","background-repeat":"repeat","background-position":"center center","background-size":"auto","background-attachment":"scroll","background-type":"","background-media":"","overlay-type":"","overlay-color":"","overlay-opacity":"","overlay-gradient":""},"tablet":{"background-color":"var(--ast-global-color-5)","background-image":"","background-repeat":"repeat","background-position":"center center","background-size":"auto","background-attachment":"scroll","background-type":"","background-media":"","overlay-type":"","overlay-color":"","overlay-opacity":"","overlay-gradient":""},"mobile":{"background-color":"var(--ast-global-color-5)","background-image":"","background-repeat":"repeat","background-position":"center center","background-size":"auto","background-attachment":"scroll","background-type":"","background-media":"","overlay-type":"","overlay-color":"","overlay-opacity":"","overlay-gradient":""}},"_EventAllDay":false,"_EventTimezone":"","_EventStartDate":"","_EventEndDate":"","_EventStartDateUTC":"","_EventEndDateUTC":"","_EventShowMap":false,"_EventShowMapLink":false,"_EventURL":"","_EventCost":"","_EventCostDescription":"","_EventCurrencySymbol":"","_EventCurrencyCode":"","_EventCurrencyPosition":"","_EventDateTimeSeparator":"","_EventTimeRangeSeparator":"","_EventOrganizerID":[],"_EventVenueID":[],"_OrganizerEmail":"","_OrganizerPhone":"","_OrganizerWebsite":"","_VenueAddress":"","_VenueCity":"","_VenueCountry":"","_VenueProvince":"","_VenueState":"","_VenueZip":"","_VenuePhone":"","_VenueURL":"","_VenueStateProvince":"","_VenueLat":"","_VenueLng":"","_VenueShowMap":false,"_VenueShowMapLink":false,"footnotes":""},"class_list":["post-573","page","type-page","status-publish","hentry"],"aioseo_notices":[],"jetpack-related-posts":[{"id":2359,"url":"https:\/\/anayacoeurcristallin.com\/?page_id=2359","url_meta":{"origin":573,"position":0},"title":"Ateliers sur demande","author":"anayacoeurcristallin.com","date":"4 octobre 2024","format":false,"excerpt":"Ateliers sur demande Afin de r\u00e9pondre au mieux \u00e0 vos envies, je vous propose diff\u00e9rents ateliers parfaitement ajustables \u00e0 vos besoins. Je me d\u00e9place sur votre lieu en Normandie (autres r\u00e9gions, me consulter), vous accueille chez moi \u00e0 Saint-Etienne-du-Rouvray (76800) si le groupe ne d\u00e9passe pas 3 personnes. Un atelier\u2026","rel":"","context":"Article similaire","block_context":{"text":"Article similaire","link":""},"img":{"alt_text":"","src":"https:\/\/i0.wp.com\/anayacoeurcristallin.com\/wp-content\/uploads\/2024\/10\/cat-2596496_1280.jpg?resize=350%2C200&ssl=1","width":350,"height":200,"srcset":"https:\/\/i0.wp.com\/anayacoeurcristallin.com\/wp-content\/uploads\/2024\/10\/cat-2596496_1280.jpg?resize=350%2C200&ssl=1 1x, https:\/\/i0.wp.com\/anayacoeurcristallin.com\/wp-content\/uploads\/2024\/10\/cat-2596496_1280.jpg?resize=525%2C300&ssl=1 1.5x, https:\/\/i0.wp.com\/anayacoeurcristallin.com\/wp-content\/uploads\/2024\/10\/cat-2596496_1280.jpg?resize=700%2C400&ssl=1 2x, https:\/\/i0.wp.com\/anayacoeurcristallin.com\/wp-content\/uploads\/2024\/10\/cat-2596496_1280.jpg?resize=1050%2C600&ssl=1 3x"},"classes":[]},{"id":2081,"url":"https:\/\/anayacoeurcristallin.com\/?page_id=2081","url_meta":{"origin":573,"position":1},"title":"ADN Min\u00e9ral","author":"anayacoeurcristallin.com","date":"31 juillet 2024","format":false,"excerpt":"ADN Min\u00e9ral Conna\u00eetre son ADN Min\u00e9ral, c\u2019est\u00a0: Comprendre plus finement sa personnalit\u00e9, ses r\u00e9actions, sa fa\u00e7on de fonctionner Identifier quelle pierre utiliser pour s\u2019aider au quotidien en fonction d\u2019une situation Avoir un outil, une m\u00e9thode, pour \u00e9voluer selon ses besoins de fa\u00e7on autonome et consciente \ud83d\udc8e\ud83d\udddd\ufe0f\ud83d\udc8e\ud83d\udd13\ud83d\udc8e\ud83d\udddd\ufe0f\ud83d\udc8e Votre ADN Min\u00e9ral vous\u2026","rel":"","context":"Article similaire","block_context":{"text":"Article similaire","link":""},"img":{"alt_text":"","src":"https:\/\/i0.wp.com\/anayacoeurcristallin.com\/wp-content\/uploads\/2024\/08\/Aigue-marine-2.jpg?resize=350%2C200&ssl=1","width":350,"height":200,"srcset":"https:\/\/i0.wp.com\/anayacoeurcristallin.com\/wp-content\/uploads\/2024\/08\/Aigue-marine-2.jpg?resize=350%2C200&ssl=1 1x, https:\/\/i0.wp.com\/anayacoeurcristallin.com\/wp-content\/uploads\/2024\/08\/Aigue-marine-2.jpg?resize=525%2C300&ssl=1 1.5x, https:\/\/i0.wp.com\/anayacoeurcristallin.com\/wp-content\/uploads\/2024\/08\/Aigue-marine-2.jpg?resize=700%2C400&ssl=1 2x, https:\/\/i0.wp.com\/anayacoeurcristallin.com\/wp-content\/uploads\/2024\/08\/Aigue-marine-2.jpg?resize=1050%2C600&ssl=1 3x, https:\/\/i0.wp.com\/anayacoeurcristallin.com\/wp-content\/uploads\/2024\/08\/Aigue-marine-2.jpg?resize=1400%2C800&ssl=1 4x"},"classes":[]},{"id":496,"url":"https:\/\/anayacoeurcristallin.com\/?page_id=496","url_meta":{"origin":573,"position":2},"title":"A propos","author":"anayacoeurcristallin.com","date":"9 mars 2024","format":false,"excerpt":"A propos La spiritualit\u00e9 est apparue dans ma vie d\u00e8s ma petite enfance, mais pendant longtemps je l'ai perdue de vue. Pendant des ann\u00e9es je me suis cherch\u00e9e. Navigant entre diff\u00e9rents m\u00e9tiers, bondissant d'un sujet d'\u00e9tude \u00e0 un autre. Allant toujours plus haut dans ma qu\u00eate de dipl\u00f4mes. Apr\u00e8s avoir\u2026","rel":"","context":"Article similaire","block_context":{"text":"Article similaire","link":""},"img":{"alt_text":"","src":"https:\/\/i0.wp.com\/anayacoeurcristallin.com\/wp-content\/uploads\/2024\/03\/378497587_3599649973616667_6814482093389267648_n.jpg?resize=350%2C200&ssl=1","width":350,"height":200,"srcset":"https:\/\/i0.wp.com\/anayacoeurcristallin.com\/wp-content\/uploads\/2024\/03\/378497587_3599649973616667_6814482093389267648_n.jpg?resize=350%2C200&ssl=1 1x, https:\/\/i0.wp.com\/anayacoeurcristallin.com\/wp-content\/uploads\/2024\/03\/378497587_3599649973616667_6814482093389267648_n.jpg?resize=525%2C300&ssl=1 1.5x, https:\/\/i0.wp.com\/anayacoeurcristallin.com\/wp-content\/uploads\/2024\/03\/378497587_3599649973616667_6814482093389267648_n.jpg?resize=700%2C400&ssl=1 2x, https:\/\/i0.wp.com\/anayacoeurcristallin.com\/wp-content\/uploads\/2024\/03\/378497587_3599649973616667_6814482093389267648_n.jpg?resize=1050%2C600&ssl=1 3x, https:\/\/i0.wp.com\/anayacoeurcristallin.com\/wp-content\/uploads\/2024\/03\/378497587_3599649973616667_6814482093389267648_n.jpg?resize=1400%2C800&ssl=1 4x"},"classes":[]},{"id":55,"url":"https:\/\/anayacoeurcristallin.com\/","url_meta":{"origin":573,"position":3},"title":"Offre propos\u00e9e","author":"anayacoeurcristallin.com","date":"6 mars 2024","format":false,"excerpt":"Prendre rendez-vous \ud83c\udf1f Quelle est votre demande ? \ud83c\udf1f \u26d3\ufe0f\u200d\ud83d\udca5 Lib\u00e9rez-vous de vos freins \u2013 Attirez ce que vous d\u00e9sirez \ud83c\udf81 Th\u00eataHealing\u00ae Avec le Th\u00eataHealing, transformez votre vie. Modifiez vos croyances, vos programmes, votre r\u00e9alit\u00e9 Gu\u00e9rissez une probl\u00e9matique, attirez l'abondance, d\u00e9veloppez vos comp\u00e9tences, lib\u00e9rez vos blocages, entrez en contact avec\u2026","rel":"","context":"Article similaire","block_context":{"text":"Article similaire","link":""},"img":{"alt_text":"","src":"https:\/\/i0.wp.com\/anayacoeurcristallin.com\/wp-content\/uploads\/2024\/12\/Partez-a-votre-rencontre-5.png?resize=350%2C200&ssl=1","width":350,"height":200,"srcset":"https:\/\/i0.wp.com\/anayacoeurcristallin.com\/wp-content\/uploads\/2024\/12\/Partez-a-votre-rencontre-5.png?resize=350%2C200&ssl=1 1x, https:\/\/i0.wp.com\/anayacoeurcristallin.com\/wp-content\/uploads\/2024\/12\/Partez-a-votre-rencontre-5.png?resize=525%2C300&ssl=1 1.5x, https:\/\/i0.wp.com\/anayacoeurcristallin.com\/wp-content\/uploads\/2024\/12\/Partez-a-votre-rencontre-5.png?resize=700%2C400&ssl=1 2x"},"classes":[]}],"jetpack_sharing_enabled":true,"_links":{"self":[{"href":"https:\/\/anayacoeurcristallin.com\/index.php?rest_route=\/wp\/v2\/pages\/573","targetHints":{"allow":["GET"]}}],"collection":[{"href":"https:\/\/anayacoeurcristallin.com\/index.php?rest_route=\/wp\/v2\/pages"}],"about":[{"href":"https:\/\/anayacoeurcristallin.com\/index.php?rest_route=\/wp\/v2\/types\/page"}],"author":[{"embeddable":true,"href":"https:\/\/anayacoeurcristallin.com\/index.php?rest_route=\/wp\/v2\/users\/1"}],"replies":[{"embeddable":true,"href":"https:\/\/anayacoeurcristallin.com\/index.php?rest_route=%2Fwp%2Fv2%2Fcomments&post=573"}],"version-history":[{"count":13,"href":"https:\/\/anayacoeurcristallin.com\/index.php?rest_route=\/wp\/v2\/pages\/573\/revisions"}],"predecessor-version":[{"id":2830,"href":"https:\/\/anayacoeurcristallin.com\/index.php?rest_route=\/wp\/v2\/pages\/573\/revisions\/2830"}],"up":[{"embeddable":true,"href":"https:\/\/anayacoeurcristallin.com\/index.php?rest_route=\/wp\/v2\/pages\/496"}],"wp:attachment":[{"href":"https:\/\/anayacoeurcristallin.com\/index.php?rest_route=%2Fwp%2Fv2%2Fmedia&parent=573"}],"curies":[{"name":"wp","href":"https:\/\/api.w.org\/{rel}","templated":true}]}}