{"id":724,"date":"2024-03-15T13:48:13","date_gmt":"2024-03-15T12:48:13","guid":{"rendered":"https:\/\/anayacoeurcristallin.com\/?page_id=724"},"modified":"2026-03-29T23:42:55","modified_gmt":"2026-03-29T21:42:55","slug":"tarifs","status":"publish","type":"page","link":"https:\/\/anayacoeurcristallin.com\/?page_id=724","title":{"rendered":"Tarifs"},"content":{"rendered":"\n<div class=\"wp-block-cover\" style=\"margin-top:var(--wp--preset--spacing--50);margin-bottom:var(--wp--preset--spacing--50)\"><img loading=\"lazy\" decoding=\"async\" width=\"1280\" height=\"808\" class=\"wp-block-cover__image-background wp-image-1948\" alt=\"\" src=\"https:\/\/anayacoeurcristallin.com\/wp-content\/uploads\/2024\/06\/crocus-2135081_1280.jpg\" data-object-fit=\"cover\" srcset=\"https:\/\/anayacoeurcristallin.com\/wp-content\/uploads\/2024\/06\/crocus-2135081_1280.jpg 1280w, https:\/\/anayacoeurcristallin.com\/wp-content\/uploads\/2024\/06\/crocus-2135081_1280-300x189.jpg 300w, https:\/\/anayacoeurcristallin.com\/wp-content\/uploads\/2024\/06\/crocus-2135081_1280-1024x646.jpg 1024w, https:\/\/anayacoeurcristallin.com\/wp-content\/uploads\/2024\/06\/crocus-2135081_1280-768x485.jpg 768w, https:\/\/anayacoeurcristallin.com\/wp-content\/uploads\/2024\/06\/crocus-2135081_1280-600x379.jpg 600w\" sizes=\"auto, (max-width: 1280px) 100vw, 1280px\" \/><span aria-hidden=\"true\" class=\"wp-block-cover__background has-ast-global-color-0-background-color has-background-dim\"><\/span><div class=\"wp-block-cover__inner-container is-layout-constrained wp-block-cover-is-layout-constrained\">\n<p class=\"has-text-align-center has-ast-global-color-4-color has-text-color has-link-color wp-elements-e55ba1269223a6edee8f12a1dc34cc95\" style=\"font-size:50px\"><strong>Tarifs<\/strong><\/p>\n<\/div><\/div>\n\n\n\n<h2 class=\"wp-block-heading has-text-align-center has-ast-global-color-1-color has-text-color has-link-color wp-elements-71ee64978d8ff8f3433adb5d574e317b\">Pour toute demande, <a href=\"https:\/\/anayacoeurcristallin.com\/?page_id=573\" title=\"Contact\">contactez-moi<\/a> !<\/h2>\n\n\n\n<div class=\"wp-block-columns is-layout-flex wp-container-core-columns-is-layout-28f84493 wp-block-columns-is-layout-flex\">\n<div class=\"wp-block-column is-layout-flow wp-block-column-is-layout-flow\" style=\"flex-basis:100%\">\n<figure class=\"wp-block-table aligncenter is-style-stripes\"><table class=\"has-border-color\" style=\"border-color:#abb7c29c;border-width:1px\"><thead><tr><th class=\"has-text-align-center\" data-align=\"center\">Offre<\/th><th class=\"has-text-align-center\" data-align=\"center\">Pr\u00e9sentiel (76800) <br>ou Distanciel<\/th><\/tr><\/thead><tbody><tr><td class=\"has-text-align-center\" data-align=\"center\"><a href=\"https:\/\/anayacoeurcristallin.com\/?page_id=2704\" title=\"Th\u00eataHealing\">Th\u00eataHealing<\/a>\u00ae<\/td><td class=\"has-text-align-center\" data-align=\"center\">90 \u20ac<\/td><\/tr><tr><td class=\"has-text-align-center\" data-align=\"center\"><a href=\"https:\/\/anayacoeurcristallin.com\/?page_id=353\" title=\"Th\u00eataHealing\">Hyp<\/a><a href=\"https:\/\/anayacoeurcristallin.com\/?page_id=353\" title=\"Hypnose r\u00e9gressive quantique (BQH)\">nose r\u00e9gressive quantique BQH<\/a><\/td><td class=\"has-text-align-center\" data-align=\"center\">230 \u20ac<\/td><\/tr><tr><td class=\"has-text-align-center\" data-align=\"center\"><a href=\"https:\/\/anayacoeurcristallin.com\/?page_id=2081\" title=\"ADN Min\u00e9ral\">ADN Min\u00e9ral<\/a><\/td><td class=\"has-text-align-center\" data-align=\"center\">75 \u20ac<\/td><\/tr><tr><td class=\"has-text-align-center\" data-align=\"center\"><a href=\"https:\/\/anayacoeurcristallin.com\/?page_id=2841\" title=\"Ho\u2019oponopono \u2013 par Anaya\">Ho&rsquo;oponopono<\/a><\/td><td class=\"has-text-align-center\" data-align=\"center\">50 \u20ac<\/td><\/tr><\/tbody><\/table><\/figure>\n<\/div>\n<\/div>\n\n\n\n<p class=\"has-text-align-center\" style=\"padding-right:var(--wp--preset--spacing--70);padding-left:var(--wp--preset--spacing--70)\">TVA non applicable (art. 293B du code g\u00e9n\u00e9ral des imp\u00f4ts).<\/p>\n\n\n<div style=\"text-align:center;z-index:9998;background-color:#ffffff38;border-radius:5px;padding:3px;font-family:'Helvetica Neue', Helvetica, Arial, sans-serif;max-width:400px;position:fixed;bottom:10px;right:10px;\">\n      <a target=\"_blank\" style=\"background-color:#4caf50 !important;border:none;color:#fff !important;padding:10px;margin:5px;text-align:center;text-decoration:none;display:inline-block;font-size:18px;margin-left:5px;\" class=\"rlb-rdv\" href=\"https:\/\/www.resalib.fr\/praticien\/120890-anaya-coeur-cristallin-energeticien-saint-etienne-du-rouvray>#newrdvmodal\u00a0\u00bb><br \/>\n            <img decoding=\"async\" src=\"https:\/\/www.resalib.fr\/app\/images\/ico\/clock.svg\" style=\"box-shadow:none;vertical-align:middle;height:22px;display:inline\"> Prendre rendez-vous<br \/>\n      <\/a>\n<\/div>\n","protected":false},"excerpt":{"rendered":"<p>Pour toute demande, contactez-moi ! Offre Pr\u00e9sentiel (76800) ou Distanciel Th\u00eataHealing\u00ae 90 \u20ac Hypnose r\u00e9gressive quantique BQH 230 \u20ac ADN Min\u00e9ral 75 \u20ac Ho&rsquo;oponopono 50 \u20ac TVA non applicable (art. [&hellip;]<\/p>\n","protected":false},"author":1,"featured_media":0,"parent":0,"menu_order":3,"comment_status":"closed","ping_status":"closed","template":"","meta":{"om_disable_all_campaigns":false,"_monsterinsights_skip_tracking":false,"_monsterinsights_sitenote_active":false,"_monsterinsights_sitenote_note":"","_monsterinsights_sitenote_category":0,"site-sidebar-layout":"default","site-content-layout":"","ast-site-content-layout":"","site-content-style":"default","site-sidebar-style":"default","ast-global-header-display":"","ast-banner-title-visibility":"","ast-main-header-display":"","ast-hfb-above-header-display":"","ast-hfb-below-header-display":"","ast-hfb-mobile-header-display":"","site-post-title":"disabled","ast-breadcrumbs-content":"","ast-featured-img":"","footer-sml-layout":"","ast-disable-related-posts":"","theme-transparent-header-meta":"","adv-header-id-meta":"","stick-header-meta":"","header-above-stick-meta":"","header-main-stick-meta":"","header-below-stick-meta":"","astra-migrate-meta-layouts":"default","ast-page-background-enabled":"default","ast-page-background-meta":{"desktop":{"background-color":"var(--ast-global-color-4)","background-image":"","background-repeat":"repeat","background-position":"center center","background-size":"auto","background-attachment":"scroll","background-type":"","background-media":"","overlay-type":"","overlay-color":"","overlay-opacity":"","overlay-gradient":""},"tablet":{"background-color":"","background-image":"","background-repeat":"repeat","background-position":"center center","background-size":"auto","background-attachment":"scroll","background-type":"","background-media":"","overlay-type":"","overlay-color":"","overlay-opacity":"","overlay-gradient":""},"mobile":{"background-color":"","background-image":"","background-repeat":"repeat","background-position":"center center","background-size":"auto","background-attachment":"scroll","background-type":"","background-media":"","overlay-type":"","overlay-color":"","overlay-opacity":"","overlay-gradient":""}},"ast-content-background-meta":{"desktop":{"background-color":"var(--ast-global-color-5)","background-image":"","background-repeat":"repeat","background-position":"center center","background-size":"auto","background-attachment":"scroll","background-type":"","background-media":"","overlay-type":"","overlay-color":"","overlay-opacity":"","overlay-gradient":""},"tablet":{"background-color":"var(--ast-global-color-5)","background-image":"","background-repeat":"repeat","background-position":"center center","background-size":"auto","background-attachment":"scroll","background-type":"","background-media":"","overlay-type":"","overlay-color":"","overlay-opacity":"","overlay-gradient":""},"mobile":{"background-color":"var(--ast-global-color-5)","background-image":"","background-repeat":"repeat","background-position":"center center","background-size":"auto","background-attachment":"scroll","background-type":"","background-media":"","overlay-type":"","overlay-color":"","overlay-opacity":"","overlay-gradient":""}},"_EventAllDay":false,"_EventTimezone":"","_EventStartDate":"","_EventEndDate":"","_EventStartDateUTC":"","_EventEndDateUTC":"","_EventShowMap":false,"_EventShowMapLink":false,"_EventURL":"","_EventCost":"","_EventCostDescription":"","_EventCurrencySymbol":"","_EventCurrencyCode":"","_EventCurrencyPosition":"","_EventDateTimeSeparator":"","_EventTimeRangeSeparator":"","_EventOrganizerID":[],"_EventVenueID":[],"_OrganizerEmail":"","_OrganizerPhone":"","_OrganizerWebsite":"","_VenueAddress":"","_VenueCity":"","_VenueCountry":"","_VenueProvince":"","_VenueState":"","_VenueZip":"","_VenuePhone":"","_VenueURL":"","_VenueStateProvince":"","_VenueLat":"","_VenueLng":"","_VenueShowMap":false,"_VenueShowMapLink":false,"footnotes":""},"class_list":["post-724","page","type-page","status-publish","hentry"],"aioseo_notices":[],"jetpack-related-posts":[{"id":2704,"url":"https:\/\/anayacoeurcristallin.com\/?page_id=2704","url_meta":{"origin":724,"position":0},"title":"Th\u00eataHealing\u00ae","author":"anayacoeurcristallin.com","date":"24 avril 2025","format":false,"excerpt":"Th\u00eataHealing\u00ae Avec le Th\u00eataHealing, transformez votre vie Modifiez vos croyances, vos programmes, votre r\u00e9alit\u00e9. Gu\u00e9rissez une probl\u00e9matique, attirez l\u2019abondance, d\u00e9veloppez vos comp\u00e9tences, lib\u00e9rez vos blocages, entrez en contact avec des d\u00e9funts, des animaux, des plantes,\u2026 Laissez libre court \u00e0 votre imagination, les possibilit\u00e9s sont infinies ! Demandez, Lib\u00e9rez, Transformez et\u2026","rel":"","context":"Article similaire","block_context":{"text":"Article similaire","link":""},"img":{"alt_text":"","src":"https:\/\/i0.wp.com\/anayacoeurcristallin.com\/wp-content\/uploads\/2024\/03\/hand-3452582_640-1.jpg?resize=350%2C200","width":350,"height":200,"srcset":"https:\/\/i0.wp.com\/anayacoeurcristallin.com\/wp-content\/uploads\/2024\/03\/hand-3452582_640-1.jpg?resize=350%2C200 1x, https:\/\/i0.wp.com\/anayacoeurcristallin.com\/wp-content\/uploads\/2024\/03\/hand-3452582_640-1.jpg?resize=525%2C300 1.5x"},"classes":[]}],"jetpack_sharing_enabled":true,"_links":{"self":[{"href":"https:\/\/anayacoeurcristallin.com\/index.php?rest_route=\/wp\/v2\/pages\/724","targetHints":{"allow":["GET"]}}],"collection":[{"href":"https:\/\/anayacoeurcristallin.com\/index.php?rest_route=\/wp\/v2\/pages"}],"about":[{"href":"https:\/\/anayacoeurcristallin.com\/index.php?rest_route=\/wp\/v2\/types\/page"}],"author":[{"embeddable":true,"href":"https:\/\/anayacoeurcristallin.com\/index.php?rest_route=\/wp\/v2\/users\/1"}],"replies":[{"embeddable":true,"href":"https:\/\/anayacoeurcristallin.com\/index.php?rest_route=%2Fwp%2Fv2%2Fcomments&post=724"}],"version-history":[{"count":60,"href":"https:\/\/anayacoeurcristallin.com\/index.php?rest_route=\/wp\/v2\/pages\/724\/revisions"}],"predecessor-version":[{"id":2882,"href":"https:\/\/anayacoeurcristallin.com\/index.php?rest_route=\/wp\/v2\/pages\/724\/revisions\/2882"}],"wp:attachment":[{"href":"https:\/\/anayacoeurcristallin.com\/index.php?rest_route=%2Fwp%2Fv2%2Fmedia&parent=724"}],"curies":[{"name":"wp","href":"https:\/\/api.w.org\/{rel}","templated":true}]}}